{"id":88,"date":"2024-10-16T08:41:46","date_gmt":"2024-10-16T08:41:46","guid":{"rendered":"https:\/\/www.rsim.com\/?page_id=88"},"modified":"2025-02-04T09:33:13","modified_gmt":"2025-02-04T09:33:13","slug":"fallstudier","status":"publish","type":"page","link":"https:\/\/www.rsim.com\/se\/fallstudier\/","title":{"rendered":"Fallstudier"},"content":{"rendered":"\r\n\r\n<section class=\"page-banner\">\r\n    <div class=\"page-banner__inner\">\r\n        <div class=\"container\">\r\n            <div class=\"page-banner__wrapper\">\r\n                <div class=\"page-banner__top-content\">\r\n                    <div data-aos=\"fade-up\">\r\n                        <p>Always On. Never Off.<\/p>\n<p>rSIM \u00e4r v\u00e4rldens f\u00f6rsta verkligt resilienta och intelligenta SIM-kort som \u00f6vervakar anslutningar och aktivt v\u00e4xlar operat\u00f6rsprofil f\u00f6r h\u00f6gsta m\u00f6jliga drifttid.<\/p>\n                    <\/div>\r\n                <\/div>\r\n                <div class=\"page-banner__title\" data-aos=\"fade-up\" data-aos-delay=\"300\">\r\n                                                                                                        <h1>FALLSTUDIER<\/h1>\r\n                                                                                        <\/div>\r\n                            <\/div>\r\n        <\/div>\r\n    <\/div>\r\n<\/section>\n\n\r\n<section class=\"post-grid\">\r\n    <div class=\"post-grid__inner\">\r\n        <div class=\"container\">\r\n                        <div class=\"post-grid__grid case-studies\">\r\n                                    \r\n                        \r\n                        <div class=\"post-grid__item\">\r\n                            \r\n<div class=\"case-studies-card\">\r\n    <div class=\"case-studies-card__inner\">\r\n        <a href=\"https:\/\/www.rsim.com\/se\/fallstudier\/careium\/\" class=\"case-studies-card__link\">\r\n            <div class=\"case-studies-card__info\">\r\n                                    <img decoding=\"async\" width=\"750\" height=\"258\" src=\"https:\/\/www.rsim.com\/se\/wp-content\/uploads\/sites\/5\/2024\/10\/careium_logo_horizontal_rgb.png.webp\" class=\"attachment-full size-full\" alt=\"\" srcset=\"https:\/\/www.rsim.com\/se\/wp-content\/uploads\/sites\/5\/2024\/10\/careium_logo_horizontal_rgb.png.webp 750w, https:\/\/www.rsim.com\/se\/wp-content\/uploads\/sites\/5\/2024\/10\/careium_logo_horizontal_rgb-300x103.png.webp 300w\" sizes=\"auto, (max-width: 750px) 100vw, 750px\" loading=\"lazy\" \/>                                                    <div class=\"case-studies-card__categories\">\r\n                                                    <div class=\"case-studies-card__category button cta\">\r\n                                Telecare                            <\/div>\r\n                                            <\/div>\r\n                                                    <p class=\"case-studies-card__excerpt\" data-aos=\"fade-up\">Careium har, tillsammans med CSL, gett sig ut p\u00e5 en transformativ resa f\u00f6r att f\u00f6rb\u00e4ttra sina TEC-l\u00f6sningar (Technology-Enabled Care; v\u00e4lf\u00e4rdsteknik) med hj\u00e4lp av rSIM-teknik. Det ut\u00f6kade samarbetet \u00e4r ett viktigt steg f\u00f6r att s\u00e4kerst\u00e4lla oavbrutna anslutningar f\u00f6r Careiums sortiment av TEC-enheter, vilket \u00e4r viktigt f\u00f6r att st\u00f6dja s\u00e5rbara teletj\u00e4nster i hela Europa\u2026<\/p>\r\n                            <\/div>\r\n            <div>\r\n                                    <div class=\"case-studies-card__image\" data-aos=\"fade-up\">\r\n                        <img decoding=\"async\" width=\"1118\" height=\"396\" src=\"https:\/\/www.rsim.com\/se\/wp-content\/uploads\/sites\/5\/2024\/10\/rSIMCSLCareium.png.webp\" class=\"attachment-full size-full\" alt=\"\" srcset=\"https:\/\/www.rsim.com\/se\/wp-content\/uploads\/sites\/5\/2024\/10\/rSIMCSLCareium.png.webp 1118w, https:\/\/www.rsim.com\/se\/wp-content\/uploads\/sites\/5\/2024\/10\/rSIMCSLCareium-300x106.png.webp 300w, https:\/\/www.rsim.com\/se\/wp-content\/uploads\/sites\/5\/2024\/10\/rSIMCSLCareium-1024x363.png.webp 1024w, https:\/\/www.rsim.com\/se\/wp-content\/uploads\/sites\/5\/2024\/10\/rSIMCSLCareium-768x272.png.webp 768w\" sizes=\"auto, (max-width: 1118px) 100vw, 1118px\" loading=\"lazy\" \/>                    <\/div>\r\n                                <div class=\"case-studies-card__cta\">\r\n                    <span class=\"button cta\">L\u00e4s mer<\/span>\r\n                <\/div>\r\n            <\/div>\r\n        <\/a>\r\n    <\/div>\r\n<\/div>                        <\/div>\r\n\r\n                    \r\n                        \r\n                        <div class=\"post-grid__item\">\r\n                            \r\n<div class=\"case-studies-card\">\r\n    <div class=\"case-studies-card__inner\">\r\n        <a href=\"https:\/\/www.rsim.com\/se\/fallstudier\/evology\/\" class=\"case-studies-card__link\">\r\n            <div class=\"case-studies-card__info\">\r\n                                    <img decoding=\"async\" width=\"750\" height=\"210\" src=\"https:\/\/www.rsim.com\/se\/wp-content\/uploads\/sites\/5\/2024\/10\/Evology_main.png.webp\" class=\"attachment-full size-full\" alt=\"\" srcset=\"https:\/\/www.rsim.com\/se\/wp-content\/uploads\/sites\/5\/2024\/10\/Evology_main.png.webp 750w, https:\/\/www.rsim.com\/se\/wp-content\/uploads\/sites\/5\/2024\/10\/Evology_main-300x84.png.webp 300w\" sizes=\"auto, (max-width: 750px) 100vw, 750px\" loading=\"lazy\" \/>                                                    <div class=\"case-studies-card__categories\">\r\n                                                    <div class=\"case-studies-card__category button cta\">\r\n                                EV-laddning                            <\/div>\r\n                                            <\/div>\r\n                                                    <p class=\"case-studies-card__excerpt\" data-aos=\"fade-up\">I det snabbt f\u00f6r\u00e4nderliga infrastrukturlandskapet f\u00f6r elbilar \u00e4r s\u00f6ml\u00f6sa anslutningar helt avg\u00f6rande f\u00f6r att leverera tillf\u00f6rlitliga laddningsl\u00f6sningar. Evology Charging har vuxit fram som en pionj\u00e4r p\u00e5 omr\u00e5det drivna av ett engagemang f\u00f6r h\u00e5llbar mobilitet och innovativ teknik&#8230;<\/p>\r\n                            <\/div>\r\n            <div>\r\n                                    <div class=\"case-studies-card__image\" data-aos=\"fade-up\">\r\n                        <img decoding=\"async\" width=\"1120\" height=\"394\" src=\"https:\/\/www.rsim.com\/se\/wp-content\/uploads\/sites\/5\/2024\/10\/rSIMCSLEvology.png.webp\" class=\"attachment-full size-full\" alt=\"\" srcset=\"https:\/\/www.rsim.com\/se\/wp-content\/uploads\/sites\/5\/2024\/10\/rSIMCSLEvology.png.webp 1120w, https:\/\/www.rsim.com\/se\/wp-content\/uploads\/sites\/5\/2024\/10\/rSIMCSLEvology-300x106.png.webp 300w, https:\/\/www.rsim.com\/se\/wp-content\/uploads\/sites\/5\/2024\/10\/rSIMCSLEvology-1024x360.png.webp 1024w, https:\/\/www.rsim.com\/se\/wp-content\/uploads\/sites\/5\/2024\/10\/rSIMCSLEvology-768x270.png.webp 768w\" sizes=\"auto, (max-width: 1120px) 100vw, 1120px\" loading=\"lazy\" \/>                    <\/div>\r\n                                <div class=\"case-studies-card__cta\">\r\n                    <span class=\"button cta\">L\u00e4s mer<\/span>\r\n                <\/div>\r\n            <\/div>\r\n        <\/a>\r\n    <\/div>\r\n<\/div>                        <\/div>\r\n\r\n                                                                    <\/div>\r\n        <\/div>\r\n    <\/div>\r\n<\/section>\r\n","protected":false},"excerpt":{"rendered":"","protected":false},"author":1,"featured_media":0,"parent":0,"menu_order":0,"comment_status":"closed","ping_status":"closed","template":"","meta":{"_acf_changed":false,"inline_featured_image":false,"footnotes":""},"class_list":["post-88","page","type-page","status-publish","hentry"],"acf":[],"yoast_head":"<!-- This site is optimized with the Yoast SEO Premium plugin v27.4 (Yoast SEO v27.4) - https:\/\/yoast.com\/product\/yoast-seo-premium-wordpress\/ -->\n<title>rSIM-fallstudier | Real-World Examples of Resilient IoT SIM Tech<\/title>\n<meta name=\"description\" content=\"Utforska rSIM-fallstudier som visar verkliga till\u00e4mpningar av sp\u00e4nstig IoT SIM-teknik i branscher som sjukv\u00e5rd, laddning av elbilar och mer. L\u00e4r dig hur rSIM s\u00e4kerst\u00e4ller anslutning som alltid \u00e4r p\u00e5.\" \/>\n<meta name=\"robots\" content=\"index, follow, max-snippet:-1, max-image-preview:large, max-video-preview:-1\" \/>\n<meta property=\"og:locale\" content=\"en_US\" \/>\n<meta property=\"og:type\" content=\"article\" \/>\n<meta property=\"og:title\" content=\"Fallstudier\" \/>\n<meta property=\"og:description\" content=\"Utforska rSIM-fallstudier som visar verkliga till\u00e4mpningar av sp\u00e4nstig IoT SIM-teknik i branscher som sjukv\u00e5rd, laddning av elbilar och mer. L\u00e4r dig hur rSIM s\u00e4kerst\u00e4ller anslutning som alltid \u00e4r p\u00e5.\" \/>\n<meta property=\"og:url\" content=\"https:\/\/www.rsim.com\/se\/fallstudier\/\" \/>\n<meta property=\"og:site_name\" content=\"rSIM SE\" \/>\n<meta property=\"article:modified_time\" content=\"2025-02-04T09:33:13+00:00\" \/>\n<meta name=\"twitter:card\" content=\"summary_large_image\" \/>\n<meta name=\"twitter:label1\" content=\"Est. reading time\" \/>\n\t<meta name=\"twitter:data1\" content=\"1 minute\" \/>\n<script type=\"application\/ld+json\" class=\"yoast-schema-graph\">{\"@context\":\"https:\\\/\\\/schema.org\",\"@graph\":[{\"@type\":\"WebPage\",\"@id\":\"https:\\\/\\\/www.rsim.com\\\/se\\\/fallstudier\\\/\",\"url\":\"https:\\\/\\\/www.rsim.com\\\/se\\\/fallstudier\\\/\",\"name\":\"rSIM-fallstudier | Real-World Examples of Resilient IoT SIM Tech\",\"isPartOf\":{\"@id\":\"https:\\\/\\\/www.rsim.com\\\/se\\\/#website\"},\"datePublished\":\"2024-10-16T08:41:46+00:00\",\"dateModified\":\"2025-02-04T09:33:13+00:00\",\"description\":\"Utforska rSIM-fallstudier som visar verkliga till\u00e4mpningar av sp\u00e4nstig IoT SIM-teknik i branscher som sjukv\u00e5rd, laddning av elbilar och mer. L\u00e4r dig hur rSIM s\u00e4kerst\u00e4ller anslutning som alltid \u00e4r p\u00e5.\",\"breadcrumb\":{\"@id\":\"https:\\\/\\\/www.rsim.com\\\/se\\\/fallstudier\\\/#breadcrumb\"},\"inLanguage\":\"en-US\",\"potentialAction\":[{\"@type\":\"ReadAction\",\"target\":[\"https:\\\/\\\/www.rsim.com\\\/se\\\/fallstudier\\\/\"]}]},{\"@type\":\"BreadcrumbList\",\"@id\":\"https:\\\/\\\/www.rsim.com\\\/se\\\/fallstudier\\\/#breadcrumb\",\"itemListElement\":[{\"@type\":\"ListItem\",\"position\":1,\"name\":\"Home\",\"item\":\"https:\\\/\\\/www.rsim.com\\\/se\\\/\"},{\"@type\":\"ListItem\",\"position\":2,\"name\":\"Fallstudier\"}]},{\"@type\":\"WebSite\",\"@id\":\"https:\\\/\\\/www.rsim.com\\\/se\\\/#website\",\"url\":\"https:\\\/\\\/www.rsim.com\\\/se\\\/\",\"name\":\"rSIM SE\",\"description\":\"\",\"potentialAction\":[{\"@type\":\"SearchAction\",\"target\":{\"@type\":\"EntryPoint\",\"urlTemplate\":\"https:\\\/\\\/www.rsim.com\\\/se\\\/?s={search_term_string}\"},\"query-input\":{\"@type\":\"PropertyValueSpecification\",\"valueRequired\":true,\"valueName\":\"search_term_string\"}}],\"inLanguage\":\"en-US\"}]}<\/script>\n<!-- \/ Yoast SEO Premium plugin. -->","yoast_head_json":{"title":"rSIM-fallstudier | Real-World Examples of Resilient IoT SIM Tech","description":"Utforska rSIM-fallstudier som visar verkliga till\u00e4mpningar av sp\u00e4nstig IoT SIM-teknik i branscher som sjukv\u00e5rd, laddning av elbilar och mer. L\u00e4r dig hur rSIM s\u00e4kerst\u00e4ller anslutning som alltid \u00e4r p\u00e5.","robots":{"index":"index","follow":"follow","max-snippet":"max-snippet:-1","max-image-preview":"max-image-preview:large","max-video-preview":"max-video-preview:-1"},"og_locale":"en_US","og_type":"article","og_title":"Fallstudier","og_description":"Utforska rSIM-fallstudier som visar verkliga till\u00e4mpningar av sp\u00e4nstig IoT SIM-teknik i branscher som sjukv\u00e5rd, laddning av elbilar och mer. L\u00e4r dig hur rSIM s\u00e4kerst\u00e4ller anslutning som alltid \u00e4r p\u00e5.","og_url":"https:\/\/www.rsim.com\/se\/fallstudier\/","og_site_name":"rSIM SE","article_modified_time":"2025-02-04T09:33:13+00:00","twitter_card":"summary_large_image","twitter_misc":{"Est. reading time":"1 minute"},"schema":{"@context":"https:\/\/schema.org","@graph":[{"@type":"WebPage","@id":"https:\/\/www.rsim.com\/se\/fallstudier\/","url":"https:\/\/www.rsim.com\/se\/fallstudier\/","name":"rSIM-fallstudier | Real-World Examples of Resilient IoT SIM Tech","isPartOf":{"@id":"https:\/\/www.rsim.com\/se\/#website"},"datePublished":"2024-10-16T08:41:46+00:00","dateModified":"2025-02-04T09:33:13+00:00","description":"Utforska rSIM-fallstudier som visar verkliga till\u00e4mpningar av sp\u00e4nstig IoT SIM-teknik i branscher som sjukv\u00e5rd, laddning av elbilar och mer. L\u00e4r dig hur rSIM s\u00e4kerst\u00e4ller anslutning som alltid \u00e4r p\u00e5.","breadcrumb":{"@id":"https:\/\/www.rsim.com\/se\/fallstudier\/#breadcrumb"},"inLanguage":"en-US","potentialAction":[{"@type":"ReadAction","target":["https:\/\/www.rsim.com\/se\/fallstudier\/"]}]},{"@type":"BreadcrumbList","@id":"https:\/\/www.rsim.com\/se\/fallstudier\/#breadcrumb","itemListElement":[{"@type":"ListItem","position":1,"name":"Home","item":"https:\/\/www.rsim.com\/se\/"},{"@type":"ListItem","position":2,"name":"Fallstudier"}]},{"@type":"WebSite","@id":"https:\/\/www.rsim.com\/se\/#website","url":"https:\/\/www.rsim.com\/se\/","name":"rSIM SE","description":"","potentialAction":[{"@type":"SearchAction","target":{"@type":"EntryPoint","urlTemplate":"https:\/\/www.rsim.com\/se\/?s={search_term_string}"},"query-input":{"@type":"PropertyValueSpecification","valueRequired":true,"valueName":"search_term_string"}}],"inLanguage":"en-US"}]}},"_links":{"self":[{"href":"https:\/\/www.rsim.com\/se\/wp-json\/wp\/v2\/pages\/88","targetHints":{"allow":["GET"]}}],"collection":[{"href":"https:\/\/www.rsim.com\/se\/wp-json\/wp\/v2\/pages"}],"about":[{"href":"https:\/\/www.rsim.com\/se\/wp-json\/wp\/v2\/types\/page"}],"author":[{"embeddable":true,"href":"https:\/\/www.rsim.com\/se\/wp-json\/wp\/v2\/users\/1"}],"replies":[{"embeddable":true,"href":"https:\/\/www.rsim.com\/se\/wp-json\/wp\/v2\/comments?post=88"}],"version-history":[{"count":5,"href":"https:\/\/www.rsim.com\/se\/wp-json\/wp\/v2\/pages\/88\/revisions"}],"predecessor-version":[{"id":1147,"href":"https:\/\/www.rsim.com\/se\/wp-json\/wp\/v2\/pages\/88\/revisions\/1147"}],"wp:attachment":[{"href":"https:\/\/www.rsim.com\/se\/wp-json\/wp\/v2\/media?parent=88"}],"curies":[{"name":"wp","href":"https:\/\/api.w.org\/{rel}","templated":true}]}}