{"id":737,"date":"2024-11-07T11:18:44","date_gmt":"2024-11-07T11:18:44","guid":{"rendered":"https:\/\/www.rsim.com\/?page_id=737"},"modified":"2025-02-03T16:59:49","modified_gmt":"2025-02-03T16:59:49","slug":"anvandningsfall","status":"publish","type":"page","link":"https:\/\/www.rsim.com\/se\/anvandningsfall\/","title":{"rendered":"Anv\u00e4ndningsfall"},"content":{"rendered":"\r\n\r\n<section class=\"page-banner\">\r\n    <div class=\"page-banner__inner\">\r\n        <div class=\"container\">\r\n            <div class=\"page-banner__wrapper\">\r\n                <div class=\"page-banner__top-content\">\r\n                    <div data-aos=\"fade-up\">\r\n                        <p>Always On. Never Off.<\/p>\n<p>rSIM \u00e4r v\u00e4rldens f\u00f6rsta verkligt resilienta och intelligenta SIM-kort som \u00f6vervakar anslutningar och aktivt v\u00e4xlar operat\u00f6rsprofil f\u00f6r h\u00f6gsta m\u00f6jliga drifttid.<\/p>\n                    <\/div>\r\n                <\/div>\r\n                <div class=\"page-banner__title\" data-aos=\"fade-up\" data-aos-delay=\"300\">\r\n                                                                        <h1 class=\"fitty\">ANV\u00c4NDNINGSFALL<\/h1>\r\n                                                            <\/div>\r\n                            <\/div>\r\n        <\/div>\r\n    <\/div>\r\n<\/section>\n\n\r\n<section class=\"simple-text\">\r\n    <div class=\"simple-text__inner remove-bottom-padding\">\r\n        <div class=\"container\">\r\n            <div class=\"simple-text__wrapper\" data-aos=\"fade-up\">\r\n                <h4>I dagens snabbfotade, digitala och uppkopplade v\u00e4rld \u00e4r en uppkoppling helt obligatorisk. Varje bransch har sina unika utmaningar som kr\u00e4ver en s\u00f6ml\u00f6s, obruten anslutning. rSIM-teknologin l\u00f6ser problemet genom att erbjuda en resilient anslutningsl\u00f6sning som h\u00e5ller kritiska tj\u00e4nster och viktig verksamhet ig\u00e5ng.<\/h4>\n                            <\/div>\r\n        <\/div>\r\n    <\/div>\r\n<\/section>\r\n\n\n\r\n<section class=\"post-grid\">\r\n    <div class=\"post-grid__inner\">\r\n        <div class=\"container\">\r\n                        <div class=\"post-grid__grid use-cases\">\r\n                                    \r\n                        \r\n                        <div class=\"post-grid__item\">\r\n                            \r\n<div class=\"uc-card\">\r\n    <div class=\"uc-card__inner\">\r\n        <a href=\"https:\/\/www.rsim.com\/se\/anvandningsfall\/mikromobilitet\/\" class=\"uc-card__link\">\r\n            <div class=\"uc-card__image\" data-aos=\"fade-up\">\r\n                                    <img decoding=\"async\" width=\"755\" height=\"755\" src=\"https:\/\/www.rsim.com\/se\/wp-content\/uploads\/sites\/5\/2024\/11\/rSIM-Insights-Page-Website-Design-2-e1732533007338.png\" class=\"attachment-full size-full\" alt=\"\" srcset=\"https:\/\/www.rsim.com\/se\/wp-content\/uploads\/sites\/5\/2024\/11\/rSIM-Insights-Page-Website-Design-2-e1732533007338.png 755w, https:\/\/www.rsim.com\/se\/wp-content\/uploads\/sites\/5\/2024\/11\/rSIM-Insights-Page-Website-Design-2-e1732533007338-300x300.png 300w, https:\/\/www.rsim.com\/se\/wp-content\/uploads\/sites\/5\/2024\/11\/rSIM-Insights-Page-Website-Design-2-e1732533007338-150x150.png 150w\" sizes=\"auto, (max-width: 755px) 100vw, 755px\" loading=\"lazy\" \/>                                <span class=\"uc-card__category\">Mikromobilitet<\/span>\r\n                <h3 class=\"uc-card__title\" data-aos=\"fade-up\" data-aos-delay=\"100\">Anslutning f\u00f6r att skala med din flotta<\/h3>\r\n            <\/div>\r\n        <\/a>\r\n    <\/div>\r\n<\/div>                        <\/div>\r\n\r\n                    \r\n                        \r\n                        <div class=\"post-grid__item\">\r\n                            \r\n<div class=\"uc-card\">\r\n    <div class=\"uc-card__inner\">\r\n        <a href=\"https:\/\/www.rsim.com\/se\/anvandningsfall\/laddning-av-elbilar\/\" class=\"uc-card__link\">\r\n            <div class=\"uc-card__image\" data-aos=\"fade-up\">\r\n                                    <img decoding=\"async\" width=\"1414\" height=\"1414\" src=\"https:\/\/www.rsim.com\/se\/wp-content\/uploads\/sites\/5\/2024\/11\/rSIM-connectting-EV-Charging-stations-with-Resilient-SIM-connectivity_Square.jpg\" class=\"attachment-full size-full\" alt=\"rSIM connecting EV Charging stations with Resilient SIM connectivity_Square\" srcset=\"https:\/\/www.rsim.com\/se\/wp-content\/uploads\/sites\/5\/2024\/11\/rSIM-connectting-EV-Charging-stations-with-Resilient-SIM-connectivity_Square.jpg 1414w, https:\/\/www.rsim.com\/se\/wp-content\/uploads\/sites\/5\/2024\/11\/rSIM-connectting-EV-Charging-stations-with-Resilient-SIM-connectivity_Square-300x300.jpg 300w, https:\/\/www.rsim.com\/se\/wp-content\/uploads\/sites\/5\/2024\/11\/rSIM-connectting-EV-Charging-stations-with-Resilient-SIM-connectivity_Square-1024x1024.jpg 1024w, https:\/\/www.rsim.com\/se\/wp-content\/uploads\/sites\/5\/2024\/11\/rSIM-connectting-EV-Charging-stations-with-Resilient-SIM-connectivity_Square-150x150.jpg 150w, https:\/\/www.rsim.com\/se\/wp-content\/uploads\/sites\/5\/2024\/11\/rSIM-connectting-EV-Charging-stations-with-Resilient-SIM-connectivity_Square-768x768.jpg 768w\" sizes=\"auto, (max-width: 1414px) 100vw, 1414px\" loading=\"lazy\" \/>                                <span class=\"uc-card__category\">Laddning av Elbilar<\/span>\r\n                <h3 class=\"uc-card__title\" data-aos=\"fade-up\" data-aos-delay=\"100\">Anslutna laddstationer f\u00f6r elfordon<\/h3>\r\n            <\/div>\r\n        <\/a>\r\n    <\/div>\r\n<\/div>                        <\/div>\r\n\r\n                    \r\n                        \r\n                        <div class=\"post-grid__item\">\r\n                            \r\n<div class=\"uc-card\">\r\n    <div class=\"uc-card__inner\">\r\n        <a href=\"https:\/\/www.rsim.com\/se\/anvandningsfall\/halso-och-sjukvard\/\" class=\"uc-card__link\">\r\n            <div class=\"uc-card__image\" data-aos=\"fade-up\">\r\n                                    <img decoding=\"async\" width=\"2560\" height=\"1920\" src=\"https:\/\/www.rsim.com\/se\/wp-content\/uploads\/sites\/5\/2024\/11\/Wireframe-Human-Brain-3D-connected-by-rSIM-scaled.jpg\" class=\"attachment-full size-full\" alt=\"Wireframe Human Brain 3D connected by rSIM\" srcset=\"https:\/\/www.rsim.com\/se\/wp-content\/uploads\/sites\/5\/2024\/11\/Wireframe-Human-Brain-3D-connected-by-rSIM-scaled.jpg 2560w, https:\/\/www.rsim.com\/se\/wp-content\/uploads\/sites\/5\/2024\/11\/Wireframe-Human-Brain-3D-connected-by-rSIM-300x225.jpg 300w, https:\/\/www.rsim.com\/se\/wp-content\/uploads\/sites\/5\/2024\/11\/Wireframe-Human-Brain-3D-connected-by-rSIM-1024x768.jpg 1024w, https:\/\/www.rsim.com\/se\/wp-content\/uploads\/sites\/5\/2024\/11\/Wireframe-Human-Brain-3D-connected-by-rSIM-768x576.jpg 768w, https:\/\/www.rsim.com\/se\/wp-content\/uploads\/sites\/5\/2024\/11\/Wireframe-Human-Brain-3D-connected-by-rSIM-1536x1152.jpg 1536w, https:\/\/www.rsim.com\/se\/wp-content\/uploads\/sites\/5\/2024\/11\/Wireframe-Human-Brain-3D-connected-by-rSIM-2048x1536.jpg 2048w\" sizes=\"auto, (max-width: 2560px) 100vw, 2560px\" loading=\"lazy\" \/>                                <span class=\"uc-card__category\">H\u00e4lso- och sjukv\u00e5rd<\/span>\r\n                <h3 class=\"uc-card__title\" data-aos=\"fade-up\" data-aos-delay=\"100\">S\u00e4kra n\u00e4tverk inom v\u00e5rden f\u00f6r tillf\u00f6rlitlig h\u00e4lso- och sjukv\u00e5rd<\/h3>\r\n            <\/div>\r\n        <\/a>\r\n    <\/div>\r\n<\/div>                        <\/div>\r\n\r\n                    \r\n                        \r\n                        <div class=\"post-grid__item\">\r\n                            \r\n<div class=\"uc-card\">\r\n    <div class=\"uc-card__inner\">\r\n        <a href=\"https:\/\/www.rsim.com\/se\/anvandningsfall\/el-och-vattenforsorjning\/\" class=\"uc-card__link\">\r\n            <div class=\"uc-card__image\" data-aos=\"fade-up\">\r\n                                    <img decoding=\"async\" width=\"1569\" height=\"2560\" src=\"https:\/\/www.rsim.com\/se\/wp-content\/uploads\/sites\/5\/2024\/11\/Green-Main-power-switch-shine-and-light-scaled.jpg\" class=\"attachment-full size-full\" alt=\"Green Main power switch shine and light\" srcset=\"https:\/\/www.rsim.com\/se\/wp-content\/uploads\/sites\/5\/2024\/11\/Green-Main-power-switch-shine-and-light-scaled.jpg 1569w, https:\/\/www.rsim.com\/se\/wp-content\/uploads\/sites\/5\/2024\/11\/Green-Main-power-switch-shine-and-light-184x300.jpg 184w, https:\/\/www.rsim.com\/se\/wp-content\/uploads\/sites\/5\/2024\/11\/Green-Main-power-switch-shine-and-light-627x1024.jpg 627w, https:\/\/www.rsim.com\/se\/wp-content\/uploads\/sites\/5\/2024\/11\/Green-Main-power-switch-shine-and-light-768x1253.jpg 768w, https:\/\/www.rsim.com\/se\/wp-content\/uploads\/sites\/5\/2024\/11\/Green-Main-power-switch-shine-and-light-941x1536.jpg 941w, https:\/\/www.rsim.com\/se\/wp-content\/uploads\/sites\/5\/2024\/11\/Green-Main-power-switch-shine-and-light-1255x2048.jpg 1255w\" sizes=\"auto, (max-width: 1569px) 100vw, 1569px\" loading=\"lazy\" \/>                                <span class=\"uc-card__category\">El- och vattenf\u00f6rs\u00f6rjning<\/span>\r\n                <h3 class=\"uc-card__title\" data-aos=\"fade-up\" data-aos-delay=\"100\">Ansluten allm\u00e4nnyttig infrastruktur som h\u00e5ller hela samh\u00e4llen ig\u00e5ng<\/h3>\r\n            <\/div>\r\n        <\/a>\r\n    <\/div>\r\n<\/div>                        <\/div>\r\n\r\n                    \r\n                        \r\n                        <div class=\"post-grid__item\">\r\n                            \r\n<div class=\"uc-card\">\r\n    <div class=\"uc-card__inner\">\r\n        <a href=\"https:\/\/www.rsim.com\/se\/anvandningsfall\/raddningstjanst\/\" class=\"uc-card__link\">\r\n            <div class=\"uc-card__image\" data-aos=\"fade-up\">\r\n                                    <img decoding=\"async\" width=\"1707\" height=\"1707\" src=\"https:\/\/www.rsim.com\/se\/wp-content\/uploads\/sites\/5\/2024\/11\/iStock-1453615618-scaled-e1732535991842.jpg\" class=\"attachment-full size-full\" alt=\"Green cross pharmacies at night in the city. Glowing with LED lamps, the green cross of the hospital.\" srcset=\"https:\/\/www.rsim.com\/se\/wp-content\/uploads\/sites\/5\/2024\/11\/iStock-1453615618-scaled-e1732535991842.jpg 1707w, https:\/\/www.rsim.com\/se\/wp-content\/uploads\/sites\/5\/2024\/11\/iStock-1453615618-scaled-e1732535991842-300x300.jpg 300w, https:\/\/www.rsim.com\/se\/wp-content\/uploads\/sites\/5\/2024\/11\/iStock-1453615618-scaled-e1732535991842-1024x1024.jpg 1024w, https:\/\/www.rsim.com\/se\/wp-content\/uploads\/sites\/5\/2024\/11\/iStock-1453615618-scaled-e1732535991842-150x150.jpg 150w, https:\/\/www.rsim.com\/se\/wp-content\/uploads\/sites\/5\/2024\/11\/iStock-1453615618-scaled-e1732535991842-768x768.jpg 768w, https:\/\/www.rsim.com\/se\/wp-content\/uploads\/sites\/5\/2024\/11\/iStock-1453615618-scaled-e1732535991842-1536x1536.jpg 1536w\" sizes=\"auto, (max-width: 1707px) 100vw, 1707px\" loading=\"lazy\" \/>                                <span class=\"uc-card__category\">R\u00e4ddningstj\u00e4nst<\/span>\r\n                <h3 class=\"uc-card__title\" data-aos=\"fade-up\" data-aos-delay=\"100\">Kritiska tj\u00e4nster, kritiska anslutningar<\/h3>\r\n            <\/div>\r\n        <\/a>\r\n    <\/div>\r\n<\/div>                        <\/div>\r\n\r\n                    \r\n                        \r\n                        <div class=\"post-grid__item\">\r\n                            \r\n<div class=\"uc-card\">\r\n    <div class=\"uc-card__inner\">\r\n        <a href=\"https:\/\/www.rsim.com\/se\/anvandningsfall\/ensamarbetande-personal\/\" class=\"uc-card__link\">\r\n            <div class=\"uc-card__image\" data-aos=\"fade-up\">\r\n                                    <img decoding=\"async\" width=\"2120\" height=\"1414\" src=\"https:\/\/www.rsim.com\/se\/wp-content\/uploads\/sites\/5\/2024\/11\/iStock-2153256922.jpg\" class=\"attachment-full size-full\" alt=\"Smart engineer with green safety jacket works on a digital tablet and using a mobile phone at the refinery plant during night shift\" srcset=\"https:\/\/www.rsim.com\/se\/wp-content\/uploads\/sites\/5\/2024\/11\/iStock-2153256922.jpg 2120w, https:\/\/www.rsim.com\/se\/wp-content\/uploads\/sites\/5\/2024\/11\/iStock-2153256922-300x200.jpg 300w, https:\/\/www.rsim.com\/se\/wp-content\/uploads\/sites\/5\/2024\/11\/iStock-2153256922-1024x683.jpg 1024w, https:\/\/www.rsim.com\/se\/wp-content\/uploads\/sites\/5\/2024\/11\/iStock-2153256922-768x512.jpg 768w, https:\/\/www.rsim.com\/se\/wp-content\/uploads\/sites\/5\/2024\/11\/iStock-2153256922-1536x1024.jpg 1536w, https:\/\/www.rsim.com\/se\/wp-content\/uploads\/sites\/5\/2024\/11\/iStock-2153256922-2048x1366.jpg 2048w\" sizes=\"auto, (max-width: 2120px) 100vw, 2120px\" loading=\"lazy\" \/>                                <span class=\"uc-card__category\">Ensamarbetande personal<\/span>\r\n                <h3 class=\"uc-card__title\" data-aos=\"fade-up\" data-aos-delay=\"100\">H\u00e5ller sig anslutna och s\u00e4kra<\/h3>\r\n            <\/div>\r\n        <\/a>\r\n    <\/div>\r\n<\/div>                        <\/div>\r\n\r\n                    \r\n                        \r\n                        <div class=\"post-grid__item\">\r\n                            \r\n<div class=\"uc-card\">\r\n    <div class=\"uc-card__inner\">\r\n        <a href=\"https:\/\/www.rsim.com\/se\/anvandningsfall\/sandning-och-media\/\" class=\"uc-card__link\">\r\n            <div class=\"uc-card__image\" data-aos=\"fade-up\">\r\n                                    <img decoding=\"async\" width=\"1933\" height=\"1933\" src=\"https:\/\/www.rsim.com\/se\/wp-content\/uploads\/sites\/5\/2024\/11\/iStock-1085239090-scaled-e1732538995951.jpg\" class=\"attachment-full size-full\" alt=\"\" srcset=\"https:\/\/www.rsim.com\/se\/wp-content\/uploads\/sites\/5\/2024\/11\/iStock-1085239090-scaled-e1732538995951.jpg 1933w, https:\/\/www.rsim.com\/se\/wp-content\/uploads\/sites\/5\/2024\/11\/iStock-1085239090-scaled-e1732538995951-300x300.jpg 300w, https:\/\/www.rsim.com\/se\/wp-content\/uploads\/sites\/5\/2024\/11\/iStock-1085239090-scaled-e1732538995951-1024x1024.jpg 1024w, https:\/\/www.rsim.com\/se\/wp-content\/uploads\/sites\/5\/2024\/11\/iStock-1085239090-scaled-e1732538995951-150x150.jpg 150w, https:\/\/www.rsim.com\/se\/wp-content\/uploads\/sites\/5\/2024\/11\/iStock-1085239090-scaled-e1732538995951-768x768.jpg 768w, https:\/\/www.rsim.com\/se\/wp-content\/uploads\/sites\/5\/2024\/11\/iStock-1085239090-scaled-e1732538995951-1536x1536.jpg 1536w\" sizes=\"auto, (max-width: 1933px) 100vw, 1933px\" loading=\"lazy\" \/>                                <span class=\"uc-card__category\">S\u00e4ndning och media<\/span>\r\n                <h3 class=\"uc-card__title\" data-aos=\"fade-up\" data-aos-delay=\"100\">Oavbruten s\u00e4ndning av tv och radio tillg\u00e4ngliga medier<\/h3>\r\n            <\/div>\r\n        <\/a>\r\n    <\/div>\r\n<\/div>                        <\/div>\r\n\r\n                    \r\n                        \r\n                        <div class=\"post-grid__item\">\r\n                            \r\n<div class=\"uc-card\">\r\n    <div class=\"uc-card__inner\">\r\n        <a href=\"https:\/\/www.rsim.com\/se\/anvandningsfall\/detaljhandel-restaurang-och-hotell\/\" class=\"uc-card__link\">\r\n            <div class=\"uc-card__image\" data-aos=\"fade-up\">\r\n                                    <img decoding=\"async\" width=\"1223\" height=\"1223\" src=\"https:\/\/www.rsim.com\/se\/wp-content\/uploads\/sites\/5\/2024\/11\/iStock-1212485751-e1732542065221.jpg\" class=\"attachment-full size-full\" alt=\"\" srcset=\"https:\/\/www.rsim.com\/se\/wp-content\/uploads\/sites\/5\/2024\/11\/iStock-1212485751-e1732542065221.jpg 1223w, https:\/\/www.rsim.com\/se\/wp-content\/uploads\/sites\/5\/2024\/11\/iStock-1212485751-e1732542065221-300x300.jpg 300w, https:\/\/www.rsim.com\/se\/wp-content\/uploads\/sites\/5\/2024\/11\/iStock-1212485751-e1732542065221-1024x1024.jpg 1024w, https:\/\/www.rsim.com\/se\/wp-content\/uploads\/sites\/5\/2024\/11\/iStock-1212485751-e1732542065221-150x150.jpg 150w, https:\/\/www.rsim.com\/se\/wp-content\/uploads\/sites\/5\/2024\/11\/iStock-1212485751-e1732542065221-768x768.jpg 768w\" sizes=\"auto, (max-width: 1223px) 100vw, 1223px\" loading=\"lazy\" \/>                                <span class=\"uc-card__category\">Detaljhandel, restaurang och hotell<\/span>\r\n                <h3 class=\"uc-card__title\" data-aos=\"fade-up\" data-aos-delay=\"100\">S\u00e4kra anslutningar f\u00f6r en god upplevelse<\/h3>\r\n            <\/div>\r\n        <\/a>\r\n    <\/div>\r\n<\/div>                        <\/div>\r\n\r\n                                                                    <\/div>\r\n        <\/div>\r\n    <\/div>\r\n<\/section>\r\n","protected":false},"excerpt":{"rendered":"","protected":false},"author":1,"featured_media":0,"parent":0,"menu_order":0,"comment_status":"closed","ping_status":"closed","template":"","meta":{"_acf_changed":false,"inline_featured_image":false,"footnotes":""},"class_list":["post-737","page","type-page","status-publish","hentry"],"acf":[],"yoast_head":"<!-- This site is optimized with the Yoast SEO Premium plugin v27.4 (Yoast SEO v27.4) - https:\/\/yoast.com\/product\/yoast-seo-premium-wordpress\/ -->\n<title>Anv\u00e4ndningsfall - rSIM SE<\/title>\n<meta name=\"description\" content=\"Explore the world of rSIM and its supported industry use cases. This groundbreaking SIM card guarantees reliable connectivity and maximum uptime.\" \/>\n<meta name=\"robots\" content=\"index, follow, max-snippet:-1, max-image-preview:large, max-video-preview:-1\" \/>\n<meta property=\"og:locale\" content=\"en_US\" \/>\n<meta property=\"og:type\" content=\"article\" \/>\n<meta property=\"og:title\" content=\"Anv\u00e4ndningsfall\" \/>\n<meta property=\"og:description\" content=\"Explore the world of rSIM and its supported industry use cases. This groundbreaking SIM card guarantees reliable connectivity and maximum uptime.\" \/>\n<meta property=\"og:url\" content=\"https:\/\/www.rsim.com\/se\/anvandningsfall\/\" \/>\n<meta property=\"og:site_name\" content=\"rSIM SE\" \/>\n<meta property=\"article:modified_time\" content=\"2025-02-03T16:59:49+00:00\" \/>\n<meta name=\"twitter:card\" content=\"summary_large_image\" \/>\n<meta name=\"twitter:label1\" content=\"Est. reading time\" \/>\n\t<meta name=\"twitter:data1\" content=\"3 minutes\" \/>\n<script type=\"application\/ld+json\" class=\"yoast-schema-graph\">{\"@context\":\"https:\\\/\\\/schema.org\",\"@graph\":[{\"@type\":\"WebPage\",\"@id\":\"https:\\\/\\\/www.rsim.com\\\/se\\\/anvandningsfall\\\/\",\"url\":\"https:\\\/\\\/www.rsim.com\\\/se\\\/anvandningsfall\\\/\",\"name\":\"Anv\u00e4ndningsfall - rSIM SE\",\"isPartOf\":{\"@id\":\"https:\\\/\\\/www.rsim.com\\\/se\\\/#website\"},\"datePublished\":\"2024-11-07T11:18:44+00:00\",\"dateModified\":\"2025-02-03T16:59:49+00:00\",\"description\":\"Explore the world of rSIM and its supported industry use cases. This groundbreaking SIM card guarantees reliable connectivity and maximum uptime.\",\"breadcrumb\":{\"@id\":\"https:\\\/\\\/www.rsim.com\\\/se\\\/anvandningsfall\\\/#breadcrumb\"},\"inLanguage\":\"en-US\",\"potentialAction\":[{\"@type\":\"ReadAction\",\"target\":[\"https:\\\/\\\/www.rsim.com\\\/se\\\/anvandningsfall\\\/\"]}]},{\"@type\":\"BreadcrumbList\",\"@id\":\"https:\\\/\\\/www.rsim.com\\\/se\\\/anvandningsfall\\\/#breadcrumb\",\"itemListElement\":[{\"@type\":\"ListItem\",\"position\":1,\"name\":\"Home\",\"item\":\"https:\\\/\\\/www.rsim.com\\\/se\\\/\"},{\"@type\":\"ListItem\",\"position\":2,\"name\":\"Anv\u00e4ndningsfall\"}]},{\"@type\":\"WebSite\",\"@id\":\"https:\\\/\\\/www.rsim.com\\\/se\\\/#website\",\"url\":\"https:\\\/\\\/www.rsim.com\\\/se\\\/\",\"name\":\"rSIM SE\",\"description\":\"\",\"potentialAction\":[{\"@type\":\"SearchAction\",\"target\":{\"@type\":\"EntryPoint\",\"urlTemplate\":\"https:\\\/\\\/www.rsim.com\\\/se\\\/?s={search_term_string}\"},\"query-input\":{\"@type\":\"PropertyValueSpecification\",\"valueRequired\":true,\"valueName\":\"search_term_string\"}}],\"inLanguage\":\"en-US\"}]}<\/script>\n<!-- \/ Yoast SEO Premium plugin. -->","yoast_head_json":{"title":"Anv\u00e4ndningsfall - rSIM SE","description":"Explore the world of rSIM and its supported industry use cases. This groundbreaking SIM card guarantees reliable connectivity and maximum uptime.","robots":{"index":"index","follow":"follow","max-snippet":"max-snippet:-1","max-image-preview":"max-image-preview:large","max-video-preview":"max-video-preview:-1"},"og_locale":"en_US","og_type":"article","og_title":"Anv\u00e4ndningsfall","og_description":"Explore the world of rSIM and its supported industry use cases. This groundbreaking SIM card guarantees reliable connectivity and maximum uptime.","og_url":"https:\/\/www.rsim.com\/se\/anvandningsfall\/","og_site_name":"rSIM SE","article_modified_time":"2025-02-03T16:59:49+00:00","twitter_card":"summary_large_image","twitter_misc":{"Est. reading time":"3 minutes"},"schema":{"@context":"https:\/\/schema.org","@graph":[{"@type":"WebPage","@id":"https:\/\/www.rsim.com\/se\/anvandningsfall\/","url":"https:\/\/www.rsim.com\/se\/anvandningsfall\/","name":"Anv\u00e4ndningsfall - rSIM SE","isPartOf":{"@id":"https:\/\/www.rsim.com\/se\/#website"},"datePublished":"2024-11-07T11:18:44+00:00","dateModified":"2025-02-03T16:59:49+00:00","description":"Explore the world of rSIM and its supported industry use cases. This groundbreaking SIM card guarantees reliable connectivity and maximum uptime.","breadcrumb":{"@id":"https:\/\/www.rsim.com\/se\/anvandningsfall\/#breadcrumb"},"inLanguage":"en-US","potentialAction":[{"@type":"ReadAction","target":["https:\/\/www.rsim.com\/se\/anvandningsfall\/"]}]},{"@type":"BreadcrumbList","@id":"https:\/\/www.rsim.com\/se\/anvandningsfall\/#breadcrumb","itemListElement":[{"@type":"ListItem","position":1,"name":"Home","item":"https:\/\/www.rsim.com\/se\/"},{"@type":"ListItem","position":2,"name":"Anv\u00e4ndningsfall"}]},{"@type":"WebSite","@id":"https:\/\/www.rsim.com\/se\/#website","url":"https:\/\/www.rsim.com\/se\/","name":"rSIM SE","description":"","potentialAction":[{"@type":"SearchAction","target":{"@type":"EntryPoint","urlTemplate":"https:\/\/www.rsim.com\/se\/?s={search_term_string}"},"query-input":{"@type":"PropertyValueSpecification","valueRequired":true,"valueName":"search_term_string"}}],"inLanguage":"en-US"}]}},"_links":{"self":[{"href":"https:\/\/www.rsim.com\/se\/wp-json\/wp\/v2\/pages\/737","targetHints":{"allow":["GET"]}}],"collection":[{"href":"https:\/\/www.rsim.com\/se\/wp-json\/wp\/v2\/pages"}],"about":[{"href":"https:\/\/www.rsim.com\/se\/wp-json\/wp\/v2\/types\/page"}],"author":[{"embeddable":true,"href":"https:\/\/www.rsim.com\/se\/wp-json\/wp\/v2\/users\/1"}],"replies":[{"embeddable":true,"href":"https:\/\/www.rsim.com\/se\/wp-json\/wp\/v2\/comments?post=737"}],"version-history":[{"count":14,"href":"https:\/\/www.rsim.com\/se\/wp-json\/wp\/v2\/pages\/737\/revisions"}],"predecessor-version":[{"id":1124,"href":"https:\/\/www.rsim.com\/se\/wp-json\/wp\/v2\/pages\/737\/revisions\/1124"}],"wp:attachment":[{"href":"https:\/\/www.rsim.com\/se\/wp-json\/wp\/v2\/media?parent=737"}],"curies":[{"name":"wp","href":"https:\/\/api.w.org\/{rel}","templated":true}]}}