{"id":394,"date":"2024-10-25T09:24:50","date_gmt":"2024-10-25T09:24:50","guid":{"rendered":"https:\/\/www.rsim.com\/?page_id=394"},"modified":"2025-01-27T13:28:54","modified_gmt":"2025-01-27T13:28:54","slug":"rsim-intro-pack-ladda-ned","status":"publish","type":"page","link":"https:\/\/www.rsim.com\/se\/rsim-intro-pack-ladda-ned\/","title":{"rendered":"Intro-Pack Ladda ned"},"content":{"rendered":"\r\n\r\n<section class=\"page-banner plain\">\r\n    <div class=\"page-banner__inner\">\r\n        <div class=\"container\">\r\n            <div class=\"page-banner__wrapper\">\r\n                <div class=\"page-banner__top-content\">\r\n                    <div data-aos=\"fade-up\">\r\n                        <p>Always On. Never Off.<\/p>\n<p>rSIM \u00e4r v\u00e4rldens f\u00f6rsta verkligt resilienta och intelligenta SIM-kort som \u00f6vervakar anslutningar och aktivt v\u00e4xlar operat\u00f6rsprofil f\u00f6r h\u00f6gsta m\u00f6jliga drifttid.<\/p>\n                    <\/div>\r\n                <\/div>\r\n                <div class=\"page-banner__title\" data-aos=\"fade-up\" data-aos-delay=\"300\">\r\n                                                                                                                                    <\/div>\r\n                            <\/div>\r\n        <\/div>\r\n    <\/div>\r\n<\/section>\n\n\r\n<section class=\"multi-columns\">\r\n    <div class=\"multi-columns__inner\">\r\n        <div class=\"container\">\r\n            <div class=\"multi-columns__grid\">\r\n                                                                                    <div class=\"multi-columns__column\"\r\n                            data-aos=\"fade-up\"\r\n                            data-aos-delay=\"0\"\r\n                            style=\"--min-width: 65%; --flex-grow: 0;--align-items: flex-start;\">\r\n                            <div class=\"multi-columns__column-inner\">\r\n                                                                                                            \r\n                                        \r\n                                                                                        \r\n                                            \r\n<section class=\"simple-text\">\r\n    <div class=\"simple-text__inner\">\r\n        <div class=\"container\">\r\n            <div class=\"simple-text__wrapper text-large\" data-aos=\"fade-up\">\r\n                <div style=\"max-width: 80%\">\n<h2 class=\"h1 fitty\"><strong>Forts\u00e4tt att l\u00e4sa\u2026<\/strong><\/h2>\n<\/div>\n<p>&nbsp;<\/p>\n<p class=\"sqsrte-large preFade fadeIn\">Tack f\u00f6r visat intresse f\u00f6r resilienta SIM-kort.<\/p>\n<p class=\"sqsrte-large preFade fadeIn\">Klicka p\u00e5 l\u00e4nken f\u00f6r att ladda ner din kopia av Introduction to Resilient SIM.<\/p>\n<p class=\"sqsrte-large preFade fadeIn\">Tveka inte att kontakta v\u00e5rt team p\u00e5 <a href=\"mailto:info@rsim.com\">info@rsim.com<\/a> om du har n\u00e5gra fr\u00e5gor eller beh\u00f6ver hj\u00e4lp.<\/p>\n<p class=\"sqsrte-large preFade fadeIn\">Tack igen f\u00f6r visat intresse. Vi hoppas att du tycker att rSIM Intro Pack \u00e4r insiktsfullt och informativt.<\/p>\n                            <\/div>\r\n        <\/div>\r\n    <\/div>\r\n<\/section>\r\n\r\n                                        \r\n                                                                                                <\/div>\r\n                        <\/div>\r\n                                                                    <div class=\"multi-columns__column\"\r\n                            data-aos=\"fade-up\"\r\n                            data-aos-delay=\"200\"\r\n                            style=\"--min-width: 25%; --flex-grow: 0;--align-items: flex-start;\">\r\n                            <div class=\"multi-columns__column-inner\">\r\n                                                                                                            \r\n                                        \r\n                                                                                        \r\n                                            \r\n<section class=\"simple-text\">\r\n    <div class=\"simple-text__inner\">\r\n        <div class=\"container\">\r\n            <div class=\"simple-text__wrapper\" data-aos=\"fade-up\">\r\n                <p><img loading=\"lazy\" decoding=\"async\" class=\"alignnone wp-image-386 size-full\" src=\"https:\/\/www.rsim.com\/wp-content\/uploads\/2024\/10\/rSIMIntroduction.png\" alt=\"\" width=\"750\" height=\"1083\" srcset=\"https:\/\/www.rsim.com\/se\/wp-content\/uploads\/sites\/5\/2024\/10\/rSIMIntroduction.png.webp 750w, https:\/\/www.rsim.com\/se\/wp-content\/uploads\/sites\/5\/2024\/10\/rSIMIntroduction-208x300.png.webp 208w, https:\/\/www.rsim.com\/se\/wp-content\/uploads\/sites\/5\/2024\/10\/rSIMIntroduction-709x1024.png.webp 709w\" sizes=\"auto, (max-width: 750px) 100vw, 750px\" \/><\/p>\n<p style=\"text-align: left\"><a class=\"button cta\" style=\"width: 100%\" href=\"https:\/\/www.rsim.com\/wp-content\/uploads\/2024\/10\/rSIM___Introduction___Mar_24_copy.pdf\" target=\"_blank\" rel=\"noopener\">Ladda ned<\/a><\/p>\n                            <\/div>\r\n        <\/div>\r\n    <\/div>\r\n<\/section>\r\n\r\n                                        \r\n                                                                                                <\/div>\r\n                        <\/div>\r\n                                                <\/div>\r\n        <\/div>\r\n    <\/div>\r\n<\/section>\r\n","protected":false},"excerpt":{"rendered":"","protected":false},"author":1,"featured_media":0,"parent":0,"menu_order":0,"comment_status":"closed","ping_status":"closed","template":"","meta":{"_acf_changed":false,"inline_featured_image":false,"footnotes":""},"class_list":["post-394","page","type-page","status-publish","hentry"],"acf":[],"yoast_head":"<!-- This site is optimized with the Yoast SEO Premium plugin v27.4 (Yoast SEO v27.4) - https:\/\/yoast.com\/product\/yoast-seo-premium-wordpress\/ -->\n<title>Ladda ner rSIM Intro Pack | L\u00e4r dig mer om Resilient SIM-teknik<\/title>\n<meta name=\"description\" content=\"Ladda ner rSIM Intro Pack f\u00f6r att utforska v\u00e4rldens f\u00f6rsta fj\u00e4drande SIM-kort. Uppt\u00e4ck hur rSIM s\u00e4kerst\u00e4ller maximal drifttid med intelligent profilv\u00e4xling f\u00f6r IoT-enheter.\" \/>\n<meta name=\"robots\" content=\"index, follow, max-snippet:-1, max-image-preview:large, max-video-preview:-1\" \/>\n<meta property=\"og:locale\" content=\"en_US\" \/>\n<meta property=\"og:type\" content=\"article\" \/>\n<meta property=\"og:title\" content=\"Intro-Pack Ladda ned\" \/>\n<meta property=\"og:description\" content=\"Ladda ner rSIM Intro Pack f\u00f6r att utforska v\u00e4rldens f\u00f6rsta fj\u00e4drande SIM-kort. Uppt\u00e4ck hur rSIM s\u00e4kerst\u00e4ller maximal drifttid med intelligent profilv\u00e4xling f\u00f6r IoT-enheter.\" \/>\n<meta property=\"og:url\" content=\"https:\/\/www.rsim.com\/se\/rsim-intro-pack-ladda-ned\/\" \/>\n<meta property=\"og:site_name\" content=\"rSIM SE\" \/>\n<meta property=\"article:modified_time\" content=\"2025-01-27T13:28:54+00:00\" \/>\n<meta name=\"twitter:card\" content=\"summary_large_image\" \/>\n<meta name=\"twitter:label1\" content=\"Est. reading time\" \/>\n\t<meta name=\"twitter:data1\" content=\"1 minute\" \/>\n<script type=\"application\/ld+json\" class=\"yoast-schema-graph\">{\"@context\":\"https:\\\/\\\/schema.org\",\"@graph\":[{\"@type\":\"WebPage\",\"@id\":\"https:\\\/\\\/www.rsim.com\\\/se\\\/rsim-intro-pack-ladda-ned\\\/\",\"url\":\"https:\\\/\\\/www.rsim.com\\\/se\\\/rsim-intro-pack-ladda-ned\\\/\",\"name\":\"Ladda ner rSIM Intro Pack | L\u00e4r dig mer om Resilient SIM-teknik\",\"isPartOf\":{\"@id\":\"https:\\\/\\\/www.rsim.com\\\/se\\\/#website\"},\"datePublished\":\"2024-10-25T09:24:50+00:00\",\"dateModified\":\"2025-01-27T13:28:54+00:00\",\"description\":\"Ladda ner rSIM Intro Pack f\u00f6r att utforska v\u00e4rldens f\u00f6rsta fj\u00e4drande SIM-kort. Uppt\u00e4ck hur rSIM s\u00e4kerst\u00e4ller maximal drifttid med intelligent profilv\u00e4xling f\u00f6r IoT-enheter.\",\"breadcrumb\":{\"@id\":\"https:\\\/\\\/www.rsim.com\\\/se\\\/rsim-intro-pack-ladda-ned\\\/#breadcrumb\"},\"inLanguage\":\"en-US\",\"potentialAction\":[{\"@type\":\"ReadAction\",\"target\":[\"https:\\\/\\\/www.rsim.com\\\/se\\\/rsim-intro-pack-ladda-ned\\\/\"]}]},{\"@type\":\"BreadcrumbList\",\"@id\":\"https:\\\/\\\/www.rsim.com\\\/se\\\/rsim-intro-pack-ladda-ned\\\/#breadcrumb\",\"itemListElement\":[{\"@type\":\"ListItem\",\"position\":1,\"name\":\"Home\",\"item\":\"https:\\\/\\\/www.rsim.com\\\/se\\\/\"},{\"@type\":\"ListItem\",\"position\":2,\"name\":\"Intro-Pack Ladda ned\"}]},{\"@type\":\"WebSite\",\"@id\":\"https:\\\/\\\/www.rsim.com\\\/se\\\/#website\",\"url\":\"https:\\\/\\\/www.rsim.com\\\/se\\\/\",\"name\":\"rSIM SE\",\"description\":\"\",\"potentialAction\":[{\"@type\":\"SearchAction\",\"target\":{\"@type\":\"EntryPoint\",\"urlTemplate\":\"https:\\\/\\\/www.rsim.com\\\/se\\\/?s={search_term_string}\"},\"query-input\":{\"@type\":\"PropertyValueSpecification\",\"valueRequired\":true,\"valueName\":\"search_term_string\"}}],\"inLanguage\":\"en-US\"}]}<\/script>\n<!-- \/ Yoast SEO Premium plugin. -->","yoast_head_json":{"title":"Ladda ner rSIM Intro Pack | L\u00e4r dig mer om Resilient SIM-teknik","description":"Ladda ner rSIM Intro Pack f\u00f6r att utforska v\u00e4rldens f\u00f6rsta fj\u00e4drande SIM-kort. Uppt\u00e4ck hur rSIM s\u00e4kerst\u00e4ller maximal drifttid med intelligent profilv\u00e4xling f\u00f6r IoT-enheter.","robots":{"index":"index","follow":"follow","max-snippet":"max-snippet:-1","max-image-preview":"max-image-preview:large","max-video-preview":"max-video-preview:-1"},"og_locale":"en_US","og_type":"article","og_title":"Intro-Pack Ladda ned","og_description":"Ladda ner rSIM Intro Pack f\u00f6r att utforska v\u00e4rldens f\u00f6rsta fj\u00e4drande SIM-kort. Uppt\u00e4ck hur rSIM s\u00e4kerst\u00e4ller maximal drifttid med intelligent profilv\u00e4xling f\u00f6r IoT-enheter.","og_url":"https:\/\/www.rsim.com\/se\/rsim-intro-pack-ladda-ned\/","og_site_name":"rSIM SE","article_modified_time":"2025-01-27T13:28:54+00:00","twitter_card":"summary_large_image","twitter_misc":{"Est. reading time":"1 minute"},"schema":{"@context":"https:\/\/schema.org","@graph":[{"@type":"WebPage","@id":"https:\/\/www.rsim.com\/se\/rsim-intro-pack-ladda-ned\/","url":"https:\/\/www.rsim.com\/se\/rsim-intro-pack-ladda-ned\/","name":"Ladda ner rSIM Intro Pack | L\u00e4r dig mer om Resilient SIM-teknik","isPartOf":{"@id":"https:\/\/www.rsim.com\/se\/#website"},"datePublished":"2024-10-25T09:24:50+00:00","dateModified":"2025-01-27T13:28:54+00:00","description":"Ladda ner rSIM Intro Pack f\u00f6r att utforska v\u00e4rldens f\u00f6rsta fj\u00e4drande SIM-kort. Uppt\u00e4ck hur rSIM s\u00e4kerst\u00e4ller maximal drifttid med intelligent profilv\u00e4xling f\u00f6r IoT-enheter.","breadcrumb":{"@id":"https:\/\/www.rsim.com\/se\/rsim-intro-pack-ladda-ned\/#breadcrumb"},"inLanguage":"en-US","potentialAction":[{"@type":"ReadAction","target":["https:\/\/www.rsim.com\/se\/rsim-intro-pack-ladda-ned\/"]}]},{"@type":"BreadcrumbList","@id":"https:\/\/www.rsim.com\/se\/rsim-intro-pack-ladda-ned\/#breadcrumb","itemListElement":[{"@type":"ListItem","position":1,"name":"Home","item":"https:\/\/www.rsim.com\/se\/"},{"@type":"ListItem","position":2,"name":"Intro-Pack Ladda ned"}]},{"@type":"WebSite","@id":"https:\/\/www.rsim.com\/se\/#website","url":"https:\/\/www.rsim.com\/se\/","name":"rSIM SE","description":"","potentialAction":[{"@type":"SearchAction","target":{"@type":"EntryPoint","urlTemplate":"https:\/\/www.rsim.com\/se\/?s={search_term_string}"},"query-input":{"@type":"PropertyValueSpecification","valueRequired":true,"valueName":"search_term_string"}}],"inLanguage":"en-US"}]}},"_links":{"self":[{"href":"https:\/\/www.rsim.com\/se\/wp-json\/wp\/v2\/pages\/394","targetHints":{"allow":["GET"]}}],"collection":[{"href":"https:\/\/www.rsim.com\/se\/wp-json\/wp\/v2\/pages"}],"about":[{"href":"https:\/\/www.rsim.com\/se\/wp-json\/wp\/v2\/types\/page"}],"author":[{"embeddable":true,"href":"https:\/\/www.rsim.com\/se\/wp-json\/wp\/v2\/users\/1"}],"replies":[{"embeddable":true,"href":"https:\/\/www.rsim.com\/se\/wp-json\/wp\/v2\/comments?post=394"}],"version-history":[{"count":10,"href":"https:\/\/www.rsim.com\/se\/wp-json\/wp\/v2\/pages\/394\/revisions"}],"predecessor-version":[{"id":1043,"href":"https:\/\/www.rsim.com\/se\/wp-json\/wp\/v2\/pages\/394\/revisions\/1043"}],"wp:attachment":[{"href":"https:\/\/www.rsim.com\/se\/wp-json\/wp\/v2\/media?parent=394"}],"curies":[{"name":"wp","href":"https:\/\/api.w.org\/{rel}","templated":true}]}}