{"id":32,"date":"2024-10-14T13:55:11","date_gmt":"2024-10-14T13:55:11","guid":{"rendered":"https:\/\/www.rsim.com\/?page_id=32"},"modified":"2025-04-14T14:07:53","modified_gmt":"2025-04-14T14:07:53","slug":"karriarer","status":"publish","type":"page","link":"https:\/\/www.rsim.com\/se\/karriarer\/","title":{"rendered":"Karri\u00e4rer"},"content":{"rendered":"\r\n\r\n<section class=\"page-banner\">\r\n    <div class=\"page-banner__inner\">\r\n        <div class=\"container\">\r\n            <div class=\"page-banner__wrapper\">\r\n                <div class=\"page-banner__top-content\">\r\n                    <div data-aos=\"fade-up\">\r\n                        <p>Always On. Never Off.<\/p>\n<p>rSIM \u00e4r v\u00e4rldens f\u00f6rsta verkligt resilienta och intelligenta SIM-kort som \u00f6vervakar anslutningar och aktivt v\u00e4xlar operat\u00f6rsprofil f\u00f6r h\u00f6gsta m\u00f6jliga drifttid.<\/p>\n                    <\/div>\r\n                <\/div>\r\n                <div class=\"page-banner__title\" data-aos=\"fade-up\" data-aos-delay=\"300\">\r\n                                                                                                        <h1>KARRI\u00c4RER<\/h1>\r\n                                                                                        <\/div>\r\n                            <\/div>\r\n        <\/div>\r\n    <\/div>\r\n<\/section>\n\n\r\n<section class=\"multi-columns\">\r\n    <div class=\"multi-columns__inner remove-bottom-padding\">\r\n        <div class=\"container\">\r\n            <div class=\"multi-columns__grid\">\r\n                                                                                    <div class=\"multi-columns__column\"\r\n                            data-aos=\"fade-up\"\r\n                            data-aos-delay=\"0\"\r\n                            style=\"--min-width: 65%; --flex-grow: 0;--align-items: flex-start;\">\r\n                            <div class=\"multi-columns__column-inner\">\r\n                                                                                                            \r\n                                        \r\n                                                                                        \r\n                                            \r\n<section class=\"simple-text\">\r\n    <div class=\"simple-text__inner remove-bottom-padding\">\r\n        <div class=\"container\">\r\n            <div class=\"simple-text__wrapper\" data-aos=\"fade-up\">\r\n                <h2 class=\"preSlide slideIn h1\">B\u00f6rja jobba med rSIM-teamet och g\u00e5 i br\u00e4schen f\u00f6r innovativa IoT-anslutningar.<\/h2>\n                            <\/div>\r\n        <\/div>\r\n    <\/div>\r\n<\/section>\r\n\r\n                                        \r\n                                                                                                <\/div>\r\n                        <\/div>\r\n                                                <\/div>\r\n        <\/div>\r\n    <\/div>\r\n<\/section>\r\n\n\n\r\n<section class=\"multi-columns\">\r\n    <div class=\"multi-columns__inner\">\r\n        <div class=\"container\">\r\n            <div class=\"multi-columns__grid\">\r\n                                                                                    <div class=\"multi-columns__column\"\r\n                            data-aos=\"fade-up\"\r\n                            data-aos-delay=\"0\"\r\n                            style=\"--min-width: 65%; --flex-grow: 0;--align-items: flex-start;\">\r\n                            <div class=\"multi-columns__column-inner\">\r\n                                                                                                            \r\n                                        \r\n                                                                                        \r\n                                            \r\n<section class=\"simple-text\">\r\n    <div class=\"simple-text__inner\">\r\n        <div class=\"container\">\r\n            <div class=\"simple-text__wrapper text-large\" data-aos=\"fade-up\">\r\n                <p><img loading=\"lazy\" decoding=\"async\" class=\"alignnone wp-image-329 size-full\" src=\"https:\/\/www.rsim.com\/wp-content\/uploads\/2024\/10\/rSIMt-shirt.png\" alt=\"\" width=\"2390\" height=\"1042\" srcset=\"https:\/\/www.rsim.com\/se\/wp-content\/uploads\/sites\/5\/2024\/10\/rSIMt-shirt.png.webp 2100w, https:\/\/www.rsim.com\/se\/wp-content\/uploads\/sites\/5\/2024\/10\/rSIMt-shirt-300x131.png.webp 300w, https:\/\/www.rsim.com\/se\/wp-content\/uploads\/sites\/5\/2024\/10\/rSIMt-shirt-1024x446.png.webp 1024w, https:\/\/www.rsim.com\/se\/wp-content\/uploads\/sites\/5\/2024\/10\/rSIMt-shirt-768x335.png.webp 768w, https:\/\/www.rsim.com\/se\/wp-content\/uploads\/sites\/5\/2024\/10\/rSIMt-shirt-1536x670.png.webp 1536w, https:\/\/www.rsim.com\/se\/wp-content\/uploads\/sites\/5\/2024\/10\/rSIMt-shirt-2048x893.png.webp 2048w\" sizes=\"auto, (max-width: 2390px) 100vw, 2390px\" \/><\/p>\n<p>&nbsp;<\/p>\n<div class=\"ewa-rteLine\">P\u00e5 rSIM f\u00e5r du jobba med v\u00e4rldens f\u00f6rsta verkligt intelligenta SIM-kort som utrustats med toppmodern teknologi och omdefinierar vad tillf\u00f6rlitlighet och resiliens \u00e4r f\u00f6r n\u00e5got.\u00a0Vi \u00e4r stolta \u00f6ver v\u00e5r dynamiska arbetsmilj\u00f6 som k\u00e4nnetecknas av en stor samarbetsvilja och d\u00e4r dina id\u00e9er kan g\u00f6ra skillnad.\u00a0Genom att b\u00f6rja arbeta hos oss blir du en del av ett fram\u00e5tblickande f\u00f6retag som v\u00e4rderar kreativitet, tillv\u00e4xt och en st\u00e4ndig str\u00e4van efter att n\u00e5 l\u00e4ngre.\u00a0Om du har en stor passion f\u00f6r teknologi och vill t\u00e4nja p\u00e5 gr\u00e4nserna f\u00f6r vad som \u00e4r m\u00f6jligt \u00e4r rSIM en plats d\u00e4r frodas och v\u00e4xa.<\/div>\n<div class=\"ewa-rteLine\"><\/div>\n<div class=\"ewa-rteLine\">rSIM \u00e4r en del av CSL Group.<\/div>\n<p>&nbsp;<\/p>\n<p><img loading=\"lazy\" decoding=\"async\" class=\"alignnone wp-image-330 size-full\" src=\"https:\/\/www.rsim.com\/wp-content\/uploads\/2024\/10\/rSIMJobCareers.png\" alt=\"\" width=\"2500\" height=\"595\" srcset=\"https:\/\/www.rsim.com\/se\/wp-content\/uploads\/sites\/5\/2024\/10\/rSIMJobCareers.png.webp 2100w, https:\/\/www.rsim.com\/se\/wp-content\/uploads\/sites\/5\/2024\/10\/rSIMJobCareers-300x71.png.webp 300w, https:\/\/www.rsim.com\/se\/wp-content\/uploads\/sites\/5\/2024\/10\/rSIMJobCareers-1024x244.png.webp 1024w, https:\/\/www.rsim.com\/se\/wp-content\/uploads\/sites\/5\/2024\/10\/rSIMJobCareers-768x183.png.webp 768w, https:\/\/www.rsim.com\/se\/wp-content\/uploads\/sites\/5\/2024\/10\/rSIMJobCareers-1536x366.png.webp 1536w, https:\/\/www.rsim.com\/se\/wp-content\/uploads\/sites\/5\/2024\/10\/rSIMJobCareers-2048x487.png.webp 2048w\" sizes=\"auto, (max-width: 2500px) 100vw, 2500px\" \/><\/p>\n                            <\/div>\r\n        <\/div>\r\n    <\/div>\r\n<\/section>\r\n\r\n                                        \r\n                                                                                                <\/div>\r\n                        <\/div>\r\n                                                                    <div class=\"multi-columns__column\"\r\n                            data-aos=\"fade-up\"\r\n                            data-aos-delay=\"200\"\r\n                            style=\"--min-width: 30%; --flex-grow: 0;--align-items: space-between;\">\r\n                            <div class=\"multi-columns__column-inner\">\r\n                                                                                                            \r\n                                        \r\n                                                                                        \r\n                                            \r\n<section class=\"simple-text\">\r\n    <div class=\"simple-text__inner\">\r\n        <div class=\"container\">\r\n            <div class=\"simple-text__wrapper\" data-aos=\"fade-up\">\r\n                <h3 class=\"preSlide slideIn\">Lediga tj\u00e4nster:<\/h3>\n                            <\/div>\r\n        <\/div>\r\n    <\/div>\r\n<\/section>\r\n\r\n                                        \r\n                                                                            \r\n                                        \r\n                                                                                        \r\n                                            \r\n<section class=\"simple-text\">\r\n    <div class=\"simple-text__inner\">\r\n        <div class=\"container\">\r\n            <div class=\"simple-text__wrapper\" data-aos=\"fade-up\">\r\n                <div style=\"grid-template-columns: repeat(2, 1fr);gap: 10px\"><img loading=\"lazy\" decoding=\"async\" width=\"300\" height=\"299\" class=\"alignnone size-full wp-image-409\" style=\"flex: 1\" src=\"https:\/\/www.rsim.com\/wp-content\/uploads\/2024\/10\/BestWorkplaces-Wellbeing-rSIM-CSL.png\" alt=\"\" srcset=\"https:\/\/www.rsim.com\/se\/wp-content\/uploads\/sites\/5\/2024\/10\/BestWorkplaces-Wellbeing-rSIM-CSL.png.webp 300w, https:\/\/www.rsim.com\/se\/wp-content\/uploads\/sites\/5\/2024\/10\/BestWorkplaces-Wellbeing-rSIM-CSL-150x150.png.webp 150w\" sizes=\"auto, (max-width: 300px) 100vw, 300px\" \/><img loading=\"lazy\" decoding=\"async\" width=\"300\" height=\"300\" class=\"alignnone size-medium wp-image-410\" style=\"flex: 1\" src=\"https:\/\/www.rsim.com\/wp-content\/uploads\/2024\/10\/BestWorkplaces-Development-rSIM-CSL.png\" alt=\"\" srcset=\"https:\/\/www.rsim.com\/se\/wp-content\/uploads\/sites\/5\/2024\/10\/BestWorkplaces-Development-rSIM-CSL.png.webp 300w, https:\/\/www.rsim.com\/se\/wp-content\/uploads\/sites\/5\/2024\/10\/BestWorkplaces-Development-rSIM-CSL-150x150.png.webp 150w\" sizes=\"auto, (max-width: 300px) 100vw, 300px\" \/><\/div>\n                            <\/div>\r\n        <\/div>\r\n    <\/div>\r\n<\/section>\r\n\r\n                                        \r\n                                                                                                <\/div>\r\n                        <\/div>\r\n                                                <\/div>\r\n        <\/div>\r\n    <\/div>\r\n<\/section>\r\n","protected":false},"excerpt":{"rendered":"","protected":false},"author":1,"featured_media":0,"parent":0,"menu_order":0,"comment_status":"closed","ping_status":"closed","template":"","meta":{"_acf_changed":false,"inline_featured_image":false,"footnotes":""},"class_list":["post-32","page","type-page","status-publish","hentry"],"acf":[],"yoast_head":"<!-- This site is optimized with the Yoast SEO Premium plugin v27.4 (Yoast SEO v27.4) - https:\/\/yoast.com\/product\/yoast-seo-premium-wordpress\/ -->\n<title>rSIM Karri\u00e4rer | H\u00e4ng med oss \u200b\u200bi en innovativ, robust IoT SIM-teknik.<\/title>\n<meta name=\"description\" content=\"Utforska karri\u00e4rm\u00f6jligheter p\u00e5 rSIM och arbeta med banbrytande IoT SIM-teknik. G\u00e5 med i ett team fokuserat p\u00e5 motst\u00e5ndskraft, innovation och leverans av globala anslutningsl\u00f6sningar.\" \/>\n<meta name=\"robots\" content=\"index, follow, max-snippet:-1, max-image-preview:large, max-video-preview:-1\" \/>\n<meta property=\"og:locale\" content=\"en_US\" \/>\n<meta property=\"og:type\" content=\"article\" \/>\n<meta property=\"og:title\" content=\"Karri\u00e4rer\" \/>\n<meta property=\"og:description\" content=\"Utforska karri\u00e4rm\u00f6jligheter p\u00e5 rSIM och arbeta med banbrytande IoT SIM-teknik. G\u00e5 med i ett team fokuserat p\u00e5 motst\u00e5ndskraft, innovation och leverans av globala anslutningsl\u00f6sningar.\" \/>\n<meta property=\"og:url\" content=\"https:\/\/www.rsim.com\/se\/karriarer\/\" \/>\n<meta property=\"og:site_name\" content=\"rSIM SE\" \/>\n<meta property=\"article:modified_time\" content=\"2025-04-14T14:07:53+00:00\" \/>\n<meta name=\"twitter:card\" content=\"summary_large_image\" \/>\n<meta name=\"twitter:label1\" content=\"Est. reading time\" \/>\n\t<meta name=\"twitter:data1\" content=\"2 minutes\" \/>\n<script type=\"application\/ld+json\" class=\"yoast-schema-graph\">{\"@context\":\"https:\\\/\\\/schema.org\",\"@graph\":[{\"@type\":\"WebPage\",\"@id\":\"https:\\\/\\\/www.rsim.com\\\/se\\\/karriarer\\\/\",\"url\":\"https:\\\/\\\/www.rsim.com\\\/se\\\/karriarer\\\/\",\"name\":\"rSIM Karri\u00e4rer | H\u00e4ng med oss \u200b\u200bi en innovativ, robust IoT SIM-teknik.\",\"isPartOf\":{\"@id\":\"https:\\\/\\\/www.rsim.com\\\/se\\\/#website\"},\"datePublished\":\"2024-10-14T13:55:11+00:00\",\"dateModified\":\"2025-04-14T14:07:53+00:00\",\"description\":\"Utforska karri\u00e4rm\u00f6jligheter p\u00e5 rSIM och arbeta med banbrytande IoT SIM-teknik. G\u00e5 med i ett team fokuserat p\u00e5 motst\u00e5ndskraft, innovation och leverans av globala anslutningsl\u00f6sningar.\",\"breadcrumb\":{\"@id\":\"https:\\\/\\\/www.rsim.com\\\/se\\\/karriarer\\\/#breadcrumb\"},\"inLanguage\":\"en-US\",\"potentialAction\":[{\"@type\":\"ReadAction\",\"target\":[\"https:\\\/\\\/www.rsim.com\\\/se\\\/karriarer\\\/\"]}]},{\"@type\":\"BreadcrumbList\",\"@id\":\"https:\\\/\\\/www.rsim.com\\\/se\\\/karriarer\\\/#breadcrumb\",\"itemListElement\":[{\"@type\":\"ListItem\",\"position\":1,\"name\":\"Home\",\"item\":\"https:\\\/\\\/www.rsim.com\\\/se\\\/\"},{\"@type\":\"ListItem\",\"position\":2,\"name\":\"Karri\u00e4rer\"}]},{\"@type\":\"WebSite\",\"@id\":\"https:\\\/\\\/www.rsim.com\\\/se\\\/#website\",\"url\":\"https:\\\/\\\/www.rsim.com\\\/se\\\/\",\"name\":\"rSIM SE\",\"description\":\"\",\"potentialAction\":[{\"@type\":\"SearchAction\",\"target\":{\"@type\":\"EntryPoint\",\"urlTemplate\":\"https:\\\/\\\/www.rsim.com\\\/se\\\/?s={search_term_string}\"},\"query-input\":{\"@type\":\"PropertyValueSpecification\",\"valueRequired\":true,\"valueName\":\"search_term_string\"}}],\"inLanguage\":\"en-US\"}]}<\/script>\n<!-- \/ Yoast SEO Premium plugin. -->","yoast_head_json":{"title":"rSIM Karri\u00e4rer | H\u00e4ng med oss \u200b\u200bi en innovativ, robust IoT SIM-teknik.","description":"Utforska karri\u00e4rm\u00f6jligheter p\u00e5 rSIM och arbeta med banbrytande IoT SIM-teknik. G\u00e5 med i ett team fokuserat p\u00e5 motst\u00e5ndskraft, innovation och leverans av globala anslutningsl\u00f6sningar.","robots":{"index":"index","follow":"follow","max-snippet":"max-snippet:-1","max-image-preview":"max-image-preview:large","max-video-preview":"max-video-preview:-1"},"og_locale":"en_US","og_type":"article","og_title":"Karri\u00e4rer","og_description":"Utforska karri\u00e4rm\u00f6jligheter p\u00e5 rSIM och arbeta med banbrytande IoT SIM-teknik. G\u00e5 med i ett team fokuserat p\u00e5 motst\u00e5ndskraft, innovation och leverans av globala anslutningsl\u00f6sningar.","og_url":"https:\/\/www.rsim.com\/se\/karriarer\/","og_site_name":"rSIM SE","article_modified_time":"2025-04-14T14:07:53+00:00","twitter_card":"summary_large_image","twitter_misc":{"Est. reading time":"2 minutes"},"schema":{"@context":"https:\/\/schema.org","@graph":[{"@type":"WebPage","@id":"https:\/\/www.rsim.com\/se\/karriarer\/","url":"https:\/\/www.rsim.com\/se\/karriarer\/","name":"rSIM Karri\u00e4rer | H\u00e4ng med oss \u200b\u200bi en innovativ, robust IoT SIM-teknik.","isPartOf":{"@id":"https:\/\/www.rsim.com\/se\/#website"},"datePublished":"2024-10-14T13:55:11+00:00","dateModified":"2025-04-14T14:07:53+00:00","description":"Utforska karri\u00e4rm\u00f6jligheter p\u00e5 rSIM och arbeta med banbrytande IoT SIM-teknik. G\u00e5 med i ett team fokuserat p\u00e5 motst\u00e5ndskraft, innovation och leverans av globala anslutningsl\u00f6sningar.","breadcrumb":{"@id":"https:\/\/www.rsim.com\/se\/karriarer\/#breadcrumb"},"inLanguage":"en-US","potentialAction":[{"@type":"ReadAction","target":["https:\/\/www.rsim.com\/se\/karriarer\/"]}]},{"@type":"BreadcrumbList","@id":"https:\/\/www.rsim.com\/se\/karriarer\/#breadcrumb","itemListElement":[{"@type":"ListItem","position":1,"name":"Home","item":"https:\/\/www.rsim.com\/se\/"},{"@type":"ListItem","position":2,"name":"Karri\u00e4rer"}]},{"@type":"WebSite","@id":"https:\/\/www.rsim.com\/se\/#website","url":"https:\/\/www.rsim.com\/se\/","name":"rSIM SE","description":"","potentialAction":[{"@type":"SearchAction","target":{"@type":"EntryPoint","urlTemplate":"https:\/\/www.rsim.com\/se\/?s={search_term_string}"},"query-input":{"@type":"PropertyValueSpecification","valueRequired":true,"valueName":"search_term_string"}}],"inLanguage":"en-US"}]}},"_links":{"self":[{"href":"https:\/\/www.rsim.com\/se\/wp-json\/wp\/v2\/pages\/32","targetHints":{"allow":["GET"]}}],"collection":[{"href":"https:\/\/www.rsim.com\/se\/wp-json\/wp\/v2\/pages"}],"about":[{"href":"https:\/\/www.rsim.com\/se\/wp-json\/wp\/v2\/types\/page"}],"author":[{"embeddable":true,"href":"https:\/\/www.rsim.com\/se\/wp-json\/wp\/v2\/users\/1"}],"replies":[{"embeddable":true,"href":"https:\/\/www.rsim.com\/se\/wp-json\/wp\/v2\/comments?post=32"}],"version-history":[{"count":16,"href":"https:\/\/www.rsim.com\/se\/wp-json\/wp\/v2\/pages\/32\/revisions"}],"predecessor-version":[{"id":1155,"href":"https:\/\/www.rsim.com\/se\/wp-json\/wp\/v2\/pages\/32\/revisions\/1155"}],"wp:attachment":[{"href":"https:\/\/www.rsim.com\/se\/wp-json\/wp\/v2\/media?parent=32"}],"curies":[{"name":"wp","href":"https:\/\/api.w.org\/{rel}","templated":true}]}}