{"id":30,"date":"2024-10-14T13:54:18","date_gmt":"2024-10-14T13:54:18","guid":{"rendered":"https:\/\/www.rsim.com\/?page_id=30"},"modified":"2025-02-04T09:23:10","modified_gmt":"2025-02-04T09:23:10","slug":"hur-koper-jag","status":"publish","type":"page","link":"https:\/\/www.rsim.com\/se\/hur-koper-jag\/","title":{"rendered":"Hur k\u00f6per jag?"},"content":{"rendered":"\r\n\r\n<section class=\"page-banner\">\r\n    <div class=\"page-banner__inner\">\r\n        <div class=\"container\">\r\n            <div class=\"page-banner__wrapper\">\r\n                <div class=\"page-banner__top-content\">\r\n                    <div data-aos=\"fade-up\">\r\n                        <p>Always On. Never Off.<\/p>\n<p>rSIM \u00e4r v\u00e4rldens f\u00f6rsta verkligt resilienta och intelligenta SIM-kort som \u00f6vervakar anslutningar och aktivt v\u00e4xlar operat\u00f6rsprofil f\u00f6r h\u00f6gsta m\u00f6jliga drifttid.<\/p>\n                    <\/div>\r\n                <\/div>\r\n                <div class=\"page-banner__title\" data-aos=\"fade-up\" data-aos-delay=\"300\">\r\n                                                                                                        <h1>Hur k\u00f6per jag?<\/h1>\r\n                                                                                        <\/div>\r\n                            <\/div>\r\n        <\/div>\r\n    <\/div>\r\n<\/section>\n\n\r\n\r\n<div class=\"section-title\" style=\"background: var(--color-title);\">\r\n    <div class=\"section-title__inner\">\r\n        <div class=\"container\">\r\n            <div class=\"section-title__wrapper\">\r\n                <div class=\"section-title__title\" data-aos=\"fade-up\">\r\n                    <h2>Bidra till utvecklingen av SIM-kort.<\/h2>                <\/div>\r\n                            <\/div>\r\n        <\/div>\r\n    <\/div>\r\n<\/div>\n\n\r\n<section class=\"simple-text\">\r\n    <div class=\"simple-text__inner\">\r\n        <div class=\"container\">\r\n            <div class=\"simple-text__wrapper\" data-aos=\"fade-up\">\r\n                <p class=\"h4\">Redo att differentiera dig och l\u00e5sa upp driftss\u00e4kra IoT-anslutningar?\u200b<\/p>\n<p class=\"h4\">Vi erbjuder en rad rSIM-tj\u00e4nster som skr\u00e4ddarsytts f\u00f6r att m\u00f6ta de unika behoven hos mobiloperat\u00f6rer, enhetstillverkare och merv\u00e4rdes\u00e5terf\u00f6rs\u00e4ljare.<\/p>\n                            <\/div>\r\n        <\/div>\r\n    <\/div>\r\n<\/section>\r\n\n\n\r\n\r\n<div class=\"section-title\" style=\"background: var(--color-title);\">\r\n    <div class=\"section-title__inner\">\r\n        <div class=\"container\">\r\n            <div class=\"section-title__wrapper\">\r\n                <div class=\"section-title__title\" data-aos=\"fade-up\">\r\n                    <h2>Jag \u00e4r\u2026<\/h2>                <\/div>\r\n                            <\/div>\r\n        <\/div>\r\n    <\/div>\r\n<\/div>\n\n\r\n\r\n<section class=\"accordion\">\r\n    <div class=\"accordion__inner\">\r\n        <div class=\"container\">\r\n            <div class=\"accordion__wrapper\" data-aos=\"fade-up\">\r\n                                                                                <div class=\"accordion__item\">\r\n                            <div class=\"accordion__title\">\r\n                                <button aria-expanded=\"false\" aria-controls=\"accordion-69f9e029e996d-content-0\">\r\n                                    <h3>Mobiloperat\u00f6r<\/h3>\r\n                                    <span class=\"accordion__icon\">\r\n                                        <span class=\"icon-plus\">+<\/span>\r\n                                        <span class=\"icon-minus\">\u2212<\/span>\r\n                                    <\/span> <!-- Both icons included -->\r\n                                <\/button>\r\n                            <\/div>\r\n                            <div class=\"accordion__content\" id=\"accordion-69f9e029e996d-content-0\" hidden>\r\n                                <p>F\u00f6rb\u00e4ttra ditt IoT-erbjudande med driftss\u00e4kra anslutningar.\u200b<\/p>\n<p>Med alternativ som str\u00e4cker sig fr\u00e5n helt hanterade l\u00f6sningar till ett mer integrerat partnerskap kan vi erbjuda resilienta l\u00f6sningar som f\u00f6rb\u00e4ttrar din aff\u00e4rsstrategi.\u200b<\/p>\n<p>Vi kan matcha och tillhandah\u00e5lla anslutningsprofiler f\u00f6r att uppfylla dina kunders behov, fr\u00e5n enskilda n\u00e4tverksoperat\u00f6rer till multi-MNO-grupper.\u200b<\/p>\n<p><a href=\"https:\/\/www.rsim.com\/se\/kontakta\/\"><span style=\"color: #47e35e;\">Kontakta Oss<\/span><\/a> f\u00f6r att diskutera mer i detalj.<\/p>\n                            <\/div>\r\n                        <\/div>\r\n                                            <div class=\"accordion__item\">\r\n                            <div class=\"accordion__title\">\r\n                                <button aria-expanded=\"false\" aria-controls=\"accordion-69f9e029e996d-content-1\">\r\n                                    <h3>Enhetstillverkare\/OEM-tillverkare<\/h3>\r\n                                    <span class=\"accordion__icon\">\r\n                                        <span class=\"icon-plus\">+<\/span>\r\n                                        <span class=\"icon-minus\">\u2212<\/span>\r\n                                    <\/span> <!-- Both icons included -->\r\n                                <\/button>\r\n                            <\/div>\r\n                            <div class=\"accordion__content\" id=\"accordion-69f9e029e996d-content-1\" hidden>\r\n                                <p>Om du letar efter en driftss\u00e4ker realtidsanslutning f\u00f6r dina enheter kan rSIM ge dig en l\u00f6sning som\u200b<\/p>\n<ul>\n<li>Ger en SIM-kortsenhet dubbla anslutningsv\u00e4gar<\/li>\n<li>F\u00f6renklar utveckling av fast programvara eftersom intelligensen \u00e4r integrerad i rSIM-kortet\u200b<\/li>\n<li>H\u00e5ller nere BOM-kostnaderna\u200b<\/li>\n<li>\u00d6kar normefterlevnaden\u200b<\/li>\n<li>Ger kunder driftss\u00e4kra anslutningar i realtid.\u200b<\/li>\n<\/ul>\n<p><a href=\"https:\/\/www.rsim.com\/se\/kontakta\/\"><span style=\"color: #47e35e;\">Kontakta oss<\/span><\/a> s\u00e5 kommer v\u00e5rt team att h\u00e4nvisa dig till den l\u00e4mpligaste regionala partnern f\u00f6r ditt projekt.<\/p>\n                            <\/div>\r\n                        <\/div>\r\n                                            <div class=\"accordion__item\">\r\n                            <div class=\"accordion__title\">\r\n                                <button aria-expanded=\"false\" aria-controls=\"accordion-69f9e029e996d-content-2\">\r\n                                    <h3>Merv\u00e4rdes\u00e5terf\u00f6rs\u00e4ljare<\/h3>\r\n                                    <span class=\"accordion__icon\">\r\n                                        <span class=\"icon-plus\">+<\/span>\r\n                                        <span class=\"icon-minus\">\u2212<\/span>\r\n                                    <\/span> <!-- Both icons included -->\r\n                                <\/button>\r\n                            <\/div>\r\n                            <div class=\"accordion__content\" id=\"accordion-69f9e029e996d-content-2\" hidden>\r\n                                <p>Differentiera och \u00f6ppna upp nya sektorer och marknader med rSIM.\u200b<\/p>\n<p>Ut\u00f6ka ditt kunderbjudande med v\u00e5r rSIM-l\u00f6sning f\u00f6r enkel drifts\u00e4ttning.\u200b<\/p>\n<p><a href=\"https:\/\/www.rsim.com\/se\/kontakta\/\"><span style=\"color: #47e35e;\">Kontakta oss<\/span><\/a> f\u00f6r att diskutera mer i detalj.<\/p>\n                            <\/div>\r\n                        <\/div>\r\n                     \r\n                            <\/div>\r\n        <\/div>\r\n    <\/div>\r\n<\/section>\r\n\n\n\r\n<section class=\"video-banner\">\r\n    <div class=\"video-banner__inner\" style=\"background: var(--color-grey);\">\r\n        <div class=\"container\">\r\n            <div class=\"video-banner__wrapper\" data-aos=\"fade-up\">\r\n                                    <!-- Use the regular video tag for local video files without controls -->\r\n                    <video class=\"video-banner__video\" autoplay muted loop playsinline>\r\n                        <source src=\"https:\/\/www.rsim.com\/se\/wp-content\/uploads\/sites\/5\/2024\/10\/SB_rSIM_SIMLogo_16-10.mp4\" type=\"video\/mp4\">\r\n                    <\/video>\r\n                            <\/div>\r\n        <\/div>\r\n    <\/div>\r\n<\/section>\r\n","protected":false},"excerpt":{"rendered":"","protected":false},"author":1,"featured_media":0,"parent":0,"menu_order":0,"comment_status":"closed","ping_status":"closed","template":"","meta":{"_acf_changed":false,"inline_featured_image":false,"footnotes":""},"class_list":["post-30","page","type-page","status-publish","hentry"],"acf":[],"yoast_head":"<!-- This site is optimized with the Yoast SEO Premium plugin v27.4 (Yoast SEO v27.4) - https:\/\/yoast.com\/product\/yoast-seo-premium-wordpress\/ -->\n<title>Hur man k\u00f6per rSIM | Mobiloperat\u00f6rer, OEM och \u00e5terf\u00f6rs\u00e4ljare<\/title>\n<meta name=\"description\" content=\"Uppt\u00e4ck hur du k\u00f6per rSIM, som erbjuder IoT-l\u00f6sningar f\u00f6r global anslutning. Idealisk f\u00f6r operat\u00f6rer, OEM-tillverkare och \u00e5terf\u00f6rs\u00e4ljare som letar efter motst\u00e5ndskraftiga och flexibla SIM-alternativ.\" \/>\n<meta name=\"robots\" content=\"index, follow, max-snippet:-1, max-image-preview:large, max-video-preview:-1\" \/>\n<meta property=\"og:locale\" content=\"en_US\" \/>\n<meta property=\"og:type\" content=\"article\" \/>\n<meta property=\"og:title\" content=\"Hur k\u00f6per jag?\" \/>\n<meta property=\"og:description\" content=\"Uppt\u00e4ck hur du k\u00f6per rSIM, som erbjuder IoT-l\u00f6sningar f\u00f6r global anslutning. Idealisk f\u00f6r operat\u00f6rer, OEM-tillverkare och \u00e5terf\u00f6rs\u00e4ljare som letar efter motst\u00e5ndskraftiga och flexibla SIM-alternativ.\" \/>\n<meta property=\"og:url\" content=\"https:\/\/www.rsim.com\/se\/hur-koper-jag\/\" \/>\n<meta property=\"og:site_name\" content=\"rSIM SE\" \/>\n<meta property=\"article:modified_time\" content=\"2025-02-04T09:23:10+00:00\" \/>\n<meta name=\"twitter:card\" content=\"summary_large_image\" \/>\n<meta name=\"twitter:label1\" content=\"Est. reading time\" \/>\n\t<meta name=\"twitter:data1\" content=\"1 minute\" \/>\n<script type=\"application\/ld+json\" class=\"yoast-schema-graph\">{\"@context\":\"https:\\\/\\\/schema.org\",\"@graph\":[{\"@type\":\"WebPage\",\"@id\":\"https:\\\/\\\/www.rsim.com\\\/se\\\/hur-koper-jag\\\/\",\"url\":\"https:\\\/\\\/www.rsim.com\\\/se\\\/hur-koper-jag\\\/\",\"name\":\"Hur man k\u00f6per rSIM | Mobiloperat\u00f6rer, OEM och \u00e5terf\u00f6rs\u00e4ljare\",\"isPartOf\":{\"@id\":\"https:\\\/\\\/www.rsim.com\\\/se\\\/#website\"},\"datePublished\":\"2024-10-14T13:54:18+00:00\",\"dateModified\":\"2025-02-04T09:23:10+00:00\",\"description\":\"Uppt\u00e4ck hur du k\u00f6per rSIM, som erbjuder IoT-l\u00f6sningar f\u00f6r global anslutning. Idealisk f\u00f6r operat\u00f6rer, OEM-tillverkare och \u00e5terf\u00f6rs\u00e4ljare som letar efter motst\u00e5ndskraftiga och flexibla SIM-alternativ.\",\"breadcrumb\":{\"@id\":\"https:\\\/\\\/www.rsim.com\\\/se\\\/hur-koper-jag\\\/#breadcrumb\"},\"inLanguage\":\"en-US\",\"potentialAction\":[{\"@type\":\"ReadAction\",\"target\":[\"https:\\\/\\\/www.rsim.com\\\/se\\\/hur-koper-jag\\\/\"]}]},{\"@type\":\"BreadcrumbList\",\"@id\":\"https:\\\/\\\/www.rsim.com\\\/se\\\/hur-koper-jag\\\/#breadcrumb\",\"itemListElement\":[{\"@type\":\"ListItem\",\"position\":1,\"name\":\"Home\",\"item\":\"https:\\\/\\\/www.rsim.com\\\/se\\\/\"},{\"@type\":\"ListItem\",\"position\":2,\"name\":\"Hur k\u00f6per jag?\"}]},{\"@type\":\"WebSite\",\"@id\":\"https:\\\/\\\/www.rsim.com\\\/se\\\/#website\",\"url\":\"https:\\\/\\\/www.rsim.com\\\/se\\\/\",\"name\":\"rSIM SE\",\"description\":\"\",\"potentialAction\":[{\"@type\":\"SearchAction\",\"target\":{\"@type\":\"EntryPoint\",\"urlTemplate\":\"https:\\\/\\\/www.rsim.com\\\/se\\\/?s={search_term_string}\"},\"query-input\":{\"@type\":\"PropertyValueSpecification\",\"valueRequired\":true,\"valueName\":\"search_term_string\"}}],\"inLanguage\":\"en-US\"}]}<\/script>\n<!-- \/ Yoast SEO Premium plugin. -->","yoast_head_json":{"title":"Hur man k\u00f6per rSIM | Mobiloperat\u00f6rer, OEM och \u00e5terf\u00f6rs\u00e4ljare","description":"Uppt\u00e4ck hur du k\u00f6per rSIM, som erbjuder IoT-l\u00f6sningar f\u00f6r global anslutning. Idealisk f\u00f6r operat\u00f6rer, OEM-tillverkare och \u00e5terf\u00f6rs\u00e4ljare som letar efter motst\u00e5ndskraftiga och flexibla SIM-alternativ.","robots":{"index":"index","follow":"follow","max-snippet":"max-snippet:-1","max-image-preview":"max-image-preview:large","max-video-preview":"max-video-preview:-1"},"og_locale":"en_US","og_type":"article","og_title":"Hur k\u00f6per jag?","og_description":"Uppt\u00e4ck hur du k\u00f6per rSIM, som erbjuder IoT-l\u00f6sningar f\u00f6r global anslutning. Idealisk f\u00f6r operat\u00f6rer, OEM-tillverkare och \u00e5terf\u00f6rs\u00e4ljare som letar efter motst\u00e5ndskraftiga och flexibla SIM-alternativ.","og_url":"https:\/\/www.rsim.com\/se\/hur-koper-jag\/","og_site_name":"rSIM SE","article_modified_time":"2025-02-04T09:23:10+00:00","twitter_card":"summary_large_image","twitter_misc":{"Est. reading time":"1 minute"},"schema":{"@context":"https:\/\/schema.org","@graph":[{"@type":"WebPage","@id":"https:\/\/www.rsim.com\/se\/hur-koper-jag\/","url":"https:\/\/www.rsim.com\/se\/hur-koper-jag\/","name":"Hur man k\u00f6per rSIM | Mobiloperat\u00f6rer, OEM och \u00e5terf\u00f6rs\u00e4ljare","isPartOf":{"@id":"https:\/\/www.rsim.com\/se\/#website"},"datePublished":"2024-10-14T13:54:18+00:00","dateModified":"2025-02-04T09:23:10+00:00","description":"Uppt\u00e4ck hur du k\u00f6per rSIM, som erbjuder IoT-l\u00f6sningar f\u00f6r global anslutning. Idealisk f\u00f6r operat\u00f6rer, OEM-tillverkare och \u00e5terf\u00f6rs\u00e4ljare som letar efter motst\u00e5ndskraftiga och flexibla SIM-alternativ.","breadcrumb":{"@id":"https:\/\/www.rsim.com\/se\/hur-koper-jag\/#breadcrumb"},"inLanguage":"en-US","potentialAction":[{"@type":"ReadAction","target":["https:\/\/www.rsim.com\/se\/hur-koper-jag\/"]}]},{"@type":"BreadcrumbList","@id":"https:\/\/www.rsim.com\/se\/hur-koper-jag\/#breadcrumb","itemListElement":[{"@type":"ListItem","position":1,"name":"Home","item":"https:\/\/www.rsim.com\/se\/"},{"@type":"ListItem","position":2,"name":"Hur k\u00f6per jag?"}]},{"@type":"WebSite","@id":"https:\/\/www.rsim.com\/se\/#website","url":"https:\/\/www.rsim.com\/se\/","name":"rSIM SE","description":"","potentialAction":[{"@type":"SearchAction","target":{"@type":"EntryPoint","urlTemplate":"https:\/\/www.rsim.com\/se\/?s={search_term_string}"},"query-input":{"@type":"PropertyValueSpecification","valueRequired":true,"valueName":"search_term_string"}}],"inLanguage":"en-US"}]}},"_links":{"self":[{"href":"https:\/\/www.rsim.com\/se\/wp-json\/wp\/v2\/pages\/30","targetHints":{"allow":["GET"]}}],"collection":[{"href":"https:\/\/www.rsim.com\/se\/wp-json\/wp\/v2\/pages"}],"about":[{"href":"https:\/\/www.rsim.com\/se\/wp-json\/wp\/v2\/types\/page"}],"author":[{"embeddable":true,"href":"https:\/\/www.rsim.com\/se\/wp-json\/wp\/v2\/users\/1"}],"replies":[{"embeddable":true,"href":"https:\/\/www.rsim.com\/se\/wp-json\/wp\/v2\/comments?post=30"}],"version-history":[{"count":19,"href":"https:\/\/www.rsim.com\/se\/wp-json\/wp\/v2\/pages\/30\/revisions"}],"predecessor-version":[{"id":1146,"href":"https:\/\/www.rsim.com\/se\/wp-json\/wp\/v2\/pages\/30\/revisions\/1146"}],"wp:attachment":[{"href":"https:\/\/www.rsim.com\/se\/wp-json\/wp\/v2\/media?parent=30"}],"curies":[{"name":"wp","href":"https:\/\/api.w.org\/{rel}","templated":true}]}}