{"id":10,"date":"2024-10-14T09:48:24","date_gmt":"2024-10-14T09:48:24","guid":{"rendered":"https:\/\/www.rsim.com\/?page_id=10"},"modified":"2026-02-05T17:49:33","modified_gmt":"2026-02-05T17:49:33","slug":"rsim","status":"publish","type":"page","link":"https:\/\/www.rsim.com\/se\/","title":{"rendered":"rSIM"},"content":{"rendered":"\r\n<section class=\"animation-large-text\">\r\n    <div class=\"animation-large-text__inner\">\r\n        <div class=\"container-wide\">\r\n            <div class=\"animation-large-text__wrapper\">\r\n                <div class=\"animation-large-text__content\" data-aos=\"fade-up\">\r\n                    <h1>rSIM \u00e4r v\u00e4rldens f\u00f6rsta verkligt resilienta och intelligenta SIM-kort.<\/h1>\n<h2>Det \u00e4r enhetsoberoende och \u00f6vervakar st\u00e4ndigt anslutningen. Vid driftsst\u00f6rningar anv\u00e4nder rSIM-kortet patenterad teknologi f\u00f6r att aktivt byta till en annan profil f\u00f6r att maximera drifttiden och minimera m\u00e4ngden driftsst\u00f6rningar.<\/h2>\n                <\/div>\r\n            <\/div>\r\n        <\/div>\r\n        <div class=\"animation-large-text__animation-wrapper\">\r\n            <div class=\"animation-large-text__animation-left\" data-aos=\"fade-up\">\r\n                <div class=\"container-wide\">\r\n                    <div class=\"animation-large-text__animation-left-wrapper\">\r\n                        <lottie-player src=\"https:\/\/lottie.host\/943387a2-7628-4829-b63d-b71aaceb65de\/A3ITIox1ua.json\" background=\"transparent\" speed=\"1\" loop=\"\" autoplay=\"\"><\/lottie-player>\r\n                    <\/div>\r\n                <\/div>\r\n            <\/div>\r\n            <div class=\"animation-large-text__animation\" data-aos=\"fade-up\">\r\n                <lottie-player class=\"js-lottie-white\" src=\"https:\/\/lottie.host\/8738c805-9ddc-4ccb-bb3d-9c3d739482d4\/guRmYl5kME.json\" background=\"transparent\" speed=\"1\" loop=\"\" autoplay=\"\"><\/lottie-player>\r\n            <\/div>\r\n        <\/div>\r\n    <\/div>\r\n<\/section>\n\n\r\n<section class=\"video-banner\">\r\n    <div class=\"video-banner__inner\" style=\"background: var(--color-grey);\">\r\n        <div class=\"container\">\r\n            <div class=\"video-banner__wrapper\" data-aos=\"fade-up\">\r\n                                    <!-- Use the regular video tag for local video files without controls -->\r\n                    <video class=\"video-banner__video\" autoplay muted loop playsinline>\r\n                        <source src=\"https:\/\/www.rsim.com\/se\/wp-content\/uploads\/sites\/5\/2024\/10\/rSIM_Website_2024-1.mp4\" type=\"video\/mp4\">\r\n                    <\/video>\r\n                            <\/div>\r\n        <\/div>\r\n    <\/div>\r\n<\/section>\r\n","protected":false},"excerpt":{"rendered":"","protected":false},"author":1,"featured_media":0,"parent":0,"menu_order":0,"comment_status":"closed","ping_status":"closed","template":"","meta":{"_acf_changed":false,"inline_featured_image":false,"footnotes":""},"class_list":["post-10","page","type-page","status-publish","hentry"],"acf":[],"yoast_head":"<!-- This site is optimized with the Yoast SEO Premium plugin v27.4 (Yoast SEO v27.4) - https:\/\/yoast.com\/product\/yoast-seo-premium-wordpress\/ -->\n<title>rSIM | Leading Resilient Connectivity Solutions.<\/title>\n<meta name=\"description\" content=\"rSIM provides advanced and resilient connectivity solutions for businesses. Ensure reliable communication with our secure, future-proof technology.\" \/>\n<meta name=\"robots\" content=\"index, follow, max-snippet:-1, max-image-preview:large, max-video-preview:-1\" \/>\n<meta property=\"og:locale\" content=\"en_US\" \/>\n<meta property=\"og:type\" content=\"article\" \/>\n<meta property=\"og:title\" content=\"rSIM\" \/>\n<meta property=\"og:description\" content=\"rSIM provides advanced and resilient connectivity solutions for businesses. Ensure reliable communication with our secure, future-proof technology.\" \/>\n<meta property=\"og:url\" content=\"https:\/\/www.rsim.com\/se\/\" \/>\n<meta property=\"og:site_name\" content=\"rSIM SE\" \/>\n<meta property=\"article:modified_time\" content=\"2026-02-05T17:49:33+00:00\" \/>\n<meta name=\"twitter:card\" content=\"summary_large_image\" \/>\n<meta name=\"twitter:label1\" content=\"Est. reading time\" \/>\n\t<meta name=\"twitter:data1\" content=\"1 minute\" \/>\n<script type=\"application\/ld+json\" class=\"yoast-schema-graph\">{\"@context\":\"https:\\\/\\\/schema.org\",\"@graph\":[{\"@type\":\"WebPage\",\"@id\":\"https:\\\/\\\/www.rsim.com\\\/se\\\/\",\"url\":\"https:\\\/\\\/www.rsim.com\\\/se\\\/\",\"name\":\"rSIM | Leading Resilient Connectivity Solutions.\",\"isPartOf\":{\"@id\":\"https:\\\/\\\/www.rsim.com\\\/se\\\/#website\"},\"datePublished\":\"2024-10-14T09:48:24+00:00\",\"dateModified\":\"2026-02-05T17:49:33+00:00\",\"description\":\"rSIM provides advanced and resilient connectivity solutions for businesses. Ensure reliable communication with our secure, future-proof technology.\",\"breadcrumb\":{\"@id\":\"https:\\\/\\\/www.rsim.com\\\/se\\\/#breadcrumb\"},\"inLanguage\":\"en-US\",\"potentialAction\":[{\"@type\":\"ReadAction\",\"target\":[\"https:\\\/\\\/www.rsim.com\\\/se\\\/\"]}]},{\"@type\":\"BreadcrumbList\",\"@id\":\"https:\\\/\\\/www.rsim.com\\\/se\\\/#breadcrumb\",\"itemListElement\":[{\"@type\":\"ListItem\",\"position\":1,\"name\":\"Home\",\"item\":\"https:\\\/\\\/www.rsim.com\\\/se\\\/\"},{\"@type\":\"ListItem\",\"position\":2,\"name\":\"rSIM\"}]},{\"@type\":\"WebSite\",\"@id\":\"https:\\\/\\\/www.rsim.com\\\/se\\\/#website\",\"url\":\"https:\\\/\\\/www.rsim.com\\\/se\\\/\",\"name\":\"rSIM SE\",\"description\":\"\",\"potentialAction\":[{\"@type\":\"SearchAction\",\"target\":{\"@type\":\"EntryPoint\",\"urlTemplate\":\"https:\\\/\\\/www.rsim.com\\\/se\\\/?s={search_term_string}\"},\"query-input\":{\"@type\":\"PropertyValueSpecification\",\"valueRequired\":true,\"valueName\":\"search_term_string\"}}],\"inLanguage\":\"en-US\"}]}<\/script>\n<!-- \/ Yoast SEO Premium plugin. -->","yoast_head_json":{"title":"rSIM | Leading Resilient Connectivity Solutions.","description":"rSIM provides advanced and resilient connectivity solutions for businesses. Ensure reliable communication with our secure, future-proof technology.","robots":{"index":"index","follow":"follow","max-snippet":"max-snippet:-1","max-image-preview":"max-image-preview:large","max-video-preview":"max-video-preview:-1"},"og_locale":"en_US","og_type":"article","og_title":"rSIM","og_description":"rSIM provides advanced and resilient connectivity solutions for businesses. Ensure reliable communication with our secure, future-proof technology.","og_url":"https:\/\/www.rsim.com\/se\/","og_site_name":"rSIM SE","article_modified_time":"2026-02-05T17:49:33+00:00","twitter_card":"summary_large_image","twitter_misc":{"Est. reading time":"1 minute"},"schema":{"@context":"https:\/\/schema.org","@graph":[{"@type":"WebPage","@id":"https:\/\/www.rsim.com\/se\/","url":"https:\/\/www.rsim.com\/se\/","name":"rSIM | Leading Resilient Connectivity Solutions.","isPartOf":{"@id":"https:\/\/www.rsim.com\/se\/#website"},"datePublished":"2024-10-14T09:48:24+00:00","dateModified":"2026-02-05T17:49:33+00:00","description":"rSIM provides advanced and resilient connectivity solutions for businesses. Ensure reliable communication with our secure, future-proof technology.","breadcrumb":{"@id":"https:\/\/www.rsim.com\/se\/#breadcrumb"},"inLanguage":"en-US","potentialAction":[{"@type":"ReadAction","target":["https:\/\/www.rsim.com\/se\/"]}]},{"@type":"BreadcrumbList","@id":"https:\/\/www.rsim.com\/se\/#breadcrumb","itemListElement":[{"@type":"ListItem","position":1,"name":"Home","item":"https:\/\/www.rsim.com\/se\/"},{"@type":"ListItem","position":2,"name":"rSIM"}]},{"@type":"WebSite","@id":"https:\/\/www.rsim.com\/se\/#website","url":"https:\/\/www.rsim.com\/se\/","name":"rSIM SE","description":"","potentialAction":[{"@type":"SearchAction","target":{"@type":"EntryPoint","urlTemplate":"https:\/\/www.rsim.com\/se\/?s={search_term_string}"},"query-input":{"@type":"PropertyValueSpecification","valueRequired":true,"valueName":"search_term_string"}}],"inLanguage":"en-US"}]}},"_links":{"self":[{"href":"https:\/\/www.rsim.com\/se\/wp-json\/wp\/v2\/pages\/10","targetHints":{"allow":["GET"]}}],"collection":[{"href":"https:\/\/www.rsim.com\/se\/wp-json\/wp\/v2\/pages"}],"about":[{"href":"https:\/\/www.rsim.com\/se\/wp-json\/wp\/v2\/types\/page"}],"author":[{"embeddable":true,"href":"https:\/\/www.rsim.com\/se\/wp-json\/wp\/v2\/users\/1"}],"replies":[{"embeddable":true,"href":"https:\/\/www.rsim.com\/se\/wp-json\/wp\/v2\/comments?post=10"}],"version-history":[{"count":20,"href":"https:\/\/www.rsim.com\/se\/wp-json\/wp\/v2\/pages\/10\/revisions"}],"predecessor-version":[{"id":1211,"href":"https:\/\/www.rsim.com\/se\/wp-json\/wp\/v2\/pages\/10\/revisions\/1211"}],"wp:attachment":[{"href":"https:\/\/www.rsim.com\/se\/wp-json\/wp\/v2\/media?parent=10"}],"curies":[{"name":"wp","href":"https:\/\/api.w.org\/{rel}","templated":true}]}}