{"id":88,"date":"2024-10-16T08:41:46","date_gmt":"2024-10-16T08:41:46","guid":{"rendered":"https:\/\/www.rsim.com\/es\/?page_id=88"},"modified":"2024-12-11T11:51:06","modified_gmt":"2024-12-11T11:51:06","slug":"casos-de-estudio","status":"publish","type":"page","link":"https:\/\/www.rsim.com\/es\/casos-de-estudio\/","title":{"rendered":"Casos de estudio"},"content":{"rendered":"\r\n\r\n<section class=\"page-banner\">\r\n    <div class=\"page-banner__inner\">\r\n        <div class=\"container\">\r\n            <div class=\"page-banner__wrapper\">\r\n                <div class=\"page-banner__top-content\">\r\n                    <div data-aos=\"fade-up\">\r\n                        <p>Siempre Activa. Nunca apagada.<\/p>\n<p>rSIM es la primera tarjeta SIM realmente resiliente e inteligente del mundo que supervisa la conectividad y cambia activamente de perfil para lograr el m\u00e1ximo tiempo de actividad.<\/p>\n                    <\/div>\r\n                <\/div>\r\n                <div class=\"page-banner__title\" data-aos=\"fade-up\" data-aos-delay=\"300\">\r\n                                                                                                        <h1>CASOS DE ESTUDIO<\/h1>\r\n                                                                                        <\/div>\r\n                            <\/div>\r\n        <\/div>\r\n    <\/div>\r\n<\/section>\n\n\r\n<section class=\"post-grid\">\r\n    <div class=\"post-grid__inner\">\r\n        <div class=\"container\">\r\n                        <div class=\"post-grid__grid case-studies\">\r\n                                    \r\n                        \r\n                        <div class=\"post-grid__item\">\r\n                            \r\n<div class=\"case-studies-card\">\r\n    <div class=\"case-studies-card__inner\">\r\n        <a href=\"https:\/\/www.rsim.com\/es\/casos-de-estudio\/careium\/\" class=\"case-studies-card__link\">\r\n            <div class=\"case-studies-card__info\">\r\n                                    <img decoding=\"async\" width=\"750\" height=\"258\" src=\"https:\/\/www.rsim.com\/es\/wp-content\/uploads\/sites\/3\/2024\/10\/careium_logo_horizontal_rgb.png.webp\" class=\"attachment-full size-full\" alt=\"\" srcset=\"https:\/\/www.rsim.com\/es\/wp-content\/uploads\/sites\/3\/2024\/10\/careium_logo_horizontal_rgb.png.webp 750w, https:\/\/www.rsim.com\/es\/wp-content\/uploads\/sites\/3\/2024\/10\/careium_logo_horizontal_rgb-300x103.png.webp 300w\" sizes=\"auto, (max-width: 750px) 100vw, 750px\" loading=\"lazy\" \/>                                                    <div class=\"case-studies-card__categories\">\r\n                                                    <div class=\"case-studies-card__category button cta\">\r\n                                Teleasistencia                            <\/div>\r\n                                            <\/div>\r\n                                                    <p class=\"case-studies-card__excerpt\" data-aos=\"fade-up\">Careium, en colaboraci\u00f3n con CSL, se ha embarcado en un proyecto transformador para reforzar sus soluciones de teleasistencia con el uso de la tecnolog\u00eda rSIM. Esta ampliaci\u00f3n de la colaboraci\u00f3n marca un avance significativo a la hora de garantizar una conectividad sin interrupciones para la gama de dispositivos TEC de Careium, cruciales para apoyar a los usuarios vulnerables de los servicios de teleasistencia en toda Europa&#8230;<\/p>\r\n                            <\/div>\r\n            <div>\r\n                                    <div class=\"case-studies-card__image\" data-aos=\"fade-up\">\r\n                        <img decoding=\"async\" width=\"1118\" height=\"396\" src=\"https:\/\/www.rsim.com\/es\/wp-content\/uploads\/sites\/3\/2024\/10\/rSIMCSLCareium.png.webp\" class=\"attachment-full size-full\" alt=\"\" srcset=\"https:\/\/www.rsim.com\/es\/wp-content\/uploads\/sites\/3\/2024\/10\/rSIMCSLCareium.png.webp 1118w, https:\/\/www.rsim.com\/es\/wp-content\/uploads\/sites\/3\/2024\/10\/rSIMCSLCareium-300x106.png.webp 300w, https:\/\/www.rsim.com\/es\/wp-content\/uploads\/sites\/3\/2024\/10\/rSIMCSLCareium-1024x363.png.webp 1024w, https:\/\/www.rsim.com\/es\/wp-content\/uploads\/sites\/3\/2024\/10\/rSIMCSLCareium-768x272.png.webp 768w\" sizes=\"auto, (max-width: 1118px) 100vw, 1118px\" loading=\"lazy\" \/>                    <\/div>\r\n                                <div class=\"case-studies-card__cta\">\r\n                    <span class=\"button cta\">Seguir leyendo<\/span>\r\n                <\/div>\r\n            <\/div>\r\n        <\/a>\r\n    <\/div>\r\n<\/div>                        <\/div>\r\n\r\n                    \r\n                        \r\n                        <div class=\"post-grid__item\">\r\n                            \r\n<div class=\"case-studies-card\">\r\n    <div class=\"case-studies-card__inner\">\r\n        <a href=\"https:\/\/www.rsim.com\/es\/casos-de-estudio\/evology\/\" class=\"case-studies-card__link\">\r\n            <div class=\"case-studies-card__info\">\r\n                                    <img decoding=\"async\" width=\"750\" height=\"210\" src=\"https:\/\/www.rsim.com\/es\/wp-content\/uploads\/sites\/3\/2024\/10\/Evology_main.png.webp\" class=\"attachment-full size-full\" alt=\"\" srcset=\"https:\/\/www.rsim.com\/es\/wp-content\/uploads\/sites\/3\/2024\/10\/Evology_main.png.webp 750w, https:\/\/www.rsim.com\/es\/wp-content\/uploads\/sites\/3\/2024\/10\/Evology_main-300x84.png.webp 300w\" sizes=\"auto, (max-width: 750px) 100vw, 750px\" loading=\"lazy\" \/>                                                    <div class=\"case-studies-card__categories\">\r\n                                                    <div class=\"case-studies-card__category button cta\">\r\n                                Carga de VE                            <\/div>\r\n                                            <\/div>\r\n                                                    <p class=\"case-studies-card__excerpt\" data-aos=\"fade-up\">En el cambiante entorno de la infraestructura de los veh\u00edculos el\u00e9ctricos (VE), la conectividad sin fisuras es crucial para ofrecer soluciones de carga fiables.\nEvology Charging ha surgido como pionera en este campo, impulsada por su compromiso con la movilidad sostenible y la tecnolog\u00eda innovadora\u2026<\/p>\r\n                            <\/div>\r\n            <div>\r\n                                    <div class=\"case-studies-card__image\" data-aos=\"fade-up\">\r\n                        <img decoding=\"async\" width=\"1120\" height=\"394\" src=\"https:\/\/www.rsim.com\/es\/wp-content\/uploads\/sites\/3\/2024\/10\/rSIMCSLEvology.png.webp\" class=\"attachment-full size-full\" alt=\"\" srcset=\"https:\/\/www.rsim.com\/es\/wp-content\/uploads\/sites\/3\/2024\/10\/rSIMCSLEvology.png.webp 1120w, https:\/\/www.rsim.com\/es\/wp-content\/uploads\/sites\/3\/2024\/10\/rSIMCSLEvology-300x106.png.webp 300w, https:\/\/www.rsim.com\/es\/wp-content\/uploads\/sites\/3\/2024\/10\/rSIMCSLEvology-1024x360.png.webp 1024w, https:\/\/www.rsim.com\/es\/wp-content\/uploads\/sites\/3\/2024\/10\/rSIMCSLEvology-768x270.png.webp 768w\" sizes=\"auto, (max-width: 1120px) 100vw, 1120px\" loading=\"lazy\" \/>                    <\/div>\r\n                                <div class=\"case-studies-card__cta\">\r\n                    <span class=\"button cta\">Seguir leyendo<\/span>\r\n                <\/div>\r\n            <\/div>\r\n        <\/a>\r\n    <\/div>\r\n<\/div>                        <\/div>\r\n\r\n                                                                    <\/div>\r\n        <\/div>\r\n    <\/div>\r\n<\/section>\r\n","protected":false},"excerpt":{"rendered":"","protected":false},"author":1,"featured_media":0,"parent":0,"menu_order":0,"comment_status":"closed","ping_status":"closed","template":"","meta":{"_acf_changed":false,"inline_featured_image":false,"footnotes":""},"class_list":["post-88","page","type-page","status-publish","hentry"],"acf":[],"yoast_head":"<!-- This site is optimized with the Yoast SEO Premium plugin v27.4 (Yoast SEO v27.4) - https:\/\/yoast.com\/product\/yoast-seo-premium-wordpress\/ -->\n<title>rSIM Case Studies | Real-World Applications of Resilient IoT SIM Technology.<\/title>\n<meta name=\"description\" content=\"Explore rSIM case studies showcasing real-world applications of resilient IoT SIM technology in industries like healthcare, EV charging, and more. Learn how rSIM ensures always-on connectivity.\" \/>\n<meta name=\"robots\" content=\"index, follow, max-snippet:-1, max-image-preview:large, max-video-preview:-1\" \/>\n<meta property=\"og:locale\" content=\"en_US\" \/>\n<meta property=\"og:type\" content=\"article\" \/>\n<meta property=\"og:title\" content=\"Casos de estudio\" \/>\n<meta property=\"og:description\" content=\"Explore rSIM case studies showcasing real-world applications of resilient IoT SIM technology in industries like healthcare, EV charging, and more. Learn how rSIM ensures always-on connectivity.\" \/>\n<meta property=\"og:url\" content=\"https:\/\/www.rsim.com\/es\/casos-de-estudio\/\" \/>\n<meta property=\"og:site_name\" content=\"rSIM ES\" \/>\n<meta property=\"article:modified_time\" content=\"2024-12-11T11:51:06+00:00\" \/>\n<meta name=\"twitter:card\" content=\"summary_large_image\" \/>\n<meta name=\"twitter:label1\" content=\"Est. reading time\" \/>\n\t<meta name=\"twitter:data1\" content=\"3 minutes\" \/>\n<script type=\"application\/ld+json\" class=\"yoast-schema-graph\">{\"@context\":\"https:\\\/\\\/schema.org\",\"@graph\":[{\"@type\":\"WebPage\",\"@id\":\"https:\\\/\\\/www.rsim.com\\\/es\\\/casos-de-estudio\\\/\",\"url\":\"https:\\\/\\\/www.rsim.com\\\/es\\\/casos-de-estudio\\\/\",\"name\":\"rSIM Case Studies | Real-World Applications of Resilient IoT SIM Technology.\",\"isPartOf\":{\"@id\":\"https:\\\/\\\/www.rsim.com\\\/es\\\/#website\"},\"datePublished\":\"2024-10-16T08:41:46+00:00\",\"dateModified\":\"2024-12-11T11:51:06+00:00\",\"description\":\"Explore rSIM case studies showcasing real-world applications of resilient IoT SIM technology in industries like healthcare, EV charging, and more. Learn how rSIM ensures always-on connectivity.\",\"breadcrumb\":{\"@id\":\"https:\\\/\\\/www.rsim.com\\\/es\\\/casos-de-estudio\\\/#breadcrumb\"},\"inLanguage\":\"en-US\",\"potentialAction\":[{\"@type\":\"ReadAction\",\"target\":[\"https:\\\/\\\/www.rsim.com\\\/es\\\/casos-de-estudio\\\/\"]}]},{\"@type\":\"BreadcrumbList\",\"@id\":\"https:\\\/\\\/www.rsim.com\\\/es\\\/casos-de-estudio\\\/#breadcrumb\",\"itemListElement\":[{\"@type\":\"ListItem\",\"position\":1,\"name\":\"Home\",\"item\":\"https:\\\/\\\/www.rsim.com\\\/es\\\/\"},{\"@type\":\"ListItem\",\"position\":2,\"name\":\"Casos de estudio\"}]},{\"@type\":\"WebSite\",\"@id\":\"https:\\\/\\\/www.rsim.com\\\/es\\\/#website\",\"url\":\"https:\\\/\\\/www.rsim.com\\\/es\\\/\",\"name\":\"rSIM ES\",\"description\":\"\",\"potentialAction\":[{\"@type\":\"SearchAction\",\"target\":{\"@type\":\"EntryPoint\",\"urlTemplate\":\"https:\\\/\\\/www.rsim.com\\\/es\\\/?s={search_term_string}\"},\"query-input\":{\"@type\":\"PropertyValueSpecification\",\"valueRequired\":true,\"valueName\":\"search_term_string\"}}],\"inLanguage\":\"en-US\"}]}<\/script>\n<!-- \/ Yoast SEO Premium plugin. -->","yoast_head_json":{"title":"rSIM Case Studies | Real-World Applications of Resilient IoT SIM Technology.","description":"Explore rSIM case studies showcasing real-world applications of resilient IoT SIM technology in industries like healthcare, EV charging, and more. Learn how rSIM ensures always-on connectivity.","robots":{"index":"index","follow":"follow","max-snippet":"max-snippet:-1","max-image-preview":"max-image-preview:large","max-video-preview":"max-video-preview:-1"},"og_locale":"en_US","og_type":"article","og_title":"Casos de estudio","og_description":"Explore rSIM case studies showcasing real-world applications of resilient IoT SIM technology in industries like healthcare, EV charging, and more. Learn how rSIM ensures always-on connectivity.","og_url":"https:\/\/www.rsim.com\/es\/casos-de-estudio\/","og_site_name":"rSIM ES","article_modified_time":"2024-12-11T11:51:06+00:00","twitter_card":"summary_large_image","twitter_misc":{"Est. reading time":"3 minutes"},"schema":{"@context":"https:\/\/schema.org","@graph":[{"@type":"WebPage","@id":"https:\/\/www.rsim.com\/es\/casos-de-estudio\/","url":"https:\/\/www.rsim.com\/es\/casos-de-estudio\/","name":"rSIM Case Studies | Real-World Applications of Resilient IoT SIM Technology.","isPartOf":{"@id":"https:\/\/www.rsim.com\/es\/#website"},"datePublished":"2024-10-16T08:41:46+00:00","dateModified":"2024-12-11T11:51:06+00:00","description":"Explore rSIM case studies showcasing real-world applications of resilient IoT SIM technology in industries like healthcare, EV charging, and more. Learn how rSIM ensures always-on connectivity.","breadcrumb":{"@id":"https:\/\/www.rsim.com\/es\/casos-de-estudio\/#breadcrumb"},"inLanguage":"en-US","potentialAction":[{"@type":"ReadAction","target":["https:\/\/www.rsim.com\/es\/casos-de-estudio\/"]}]},{"@type":"BreadcrumbList","@id":"https:\/\/www.rsim.com\/es\/casos-de-estudio\/#breadcrumb","itemListElement":[{"@type":"ListItem","position":1,"name":"Home","item":"https:\/\/www.rsim.com\/es\/"},{"@type":"ListItem","position":2,"name":"Casos de estudio"}]},{"@type":"WebSite","@id":"https:\/\/www.rsim.com\/es\/#website","url":"https:\/\/www.rsim.com\/es\/","name":"rSIM ES","description":"","potentialAction":[{"@type":"SearchAction","target":{"@type":"EntryPoint","urlTemplate":"https:\/\/www.rsim.com\/es\/?s={search_term_string}"},"query-input":{"@type":"PropertyValueSpecification","valueRequired":true,"valueName":"search_term_string"}}],"inLanguage":"en-US"}]}},"_links":{"self":[{"href":"https:\/\/www.rsim.com\/es\/wp-json\/wp\/v2\/pages\/88","targetHints":{"allow":["GET"]}}],"collection":[{"href":"https:\/\/www.rsim.com\/es\/wp-json\/wp\/v2\/pages"}],"about":[{"href":"https:\/\/www.rsim.com\/es\/wp-json\/wp\/v2\/types\/page"}],"author":[{"embeddable":true,"href":"https:\/\/www.rsim.com\/es\/wp-json\/wp\/v2\/users\/1"}],"replies":[{"embeddable":true,"href":"https:\/\/www.rsim.com\/es\/wp-json\/wp\/v2\/comments?post=88"}],"version-history":[{"count":5,"href":"https:\/\/www.rsim.com\/es\/wp-json\/wp\/v2\/pages\/88\/revisions"}],"predecessor-version":[{"id":810,"href":"https:\/\/www.rsim.com\/es\/wp-json\/wp\/v2\/pages\/88\/revisions\/810"}],"wp:attachment":[{"href":"https:\/\/www.rsim.com\/es\/wp-json\/wp\/v2\/media?parent=88"}],"curies":[{"name":"wp","href":"https:\/\/api.w.org\/{rel}","templated":true}]}}