{"id":484,"date":"2024-11-22T15:57:50","date_gmt":"2024-11-22T15:57:50","guid":{"rendered":"https:\/\/www.rsim.com\/es\/?page_id=484"},"modified":"2024-12-11T13:44:20","modified_gmt":"2024-12-11T13:44:20","slug":"casos-de-uso","status":"publish","type":"page","link":"https:\/\/www.rsim.com\/es\/casos-de-uso\/","title":{"rendered":"Casos de uso"},"content":{"rendered":"\r\n\r\n<section class=\"page-banner\">\r\n    <div class=\"page-banner__inner\">\r\n        <div class=\"container\">\r\n            <div class=\"page-banner__wrapper\">\r\n                <div class=\"page-banner__top-content\">\r\n                    <div data-aos=\"fade-up\">\r\n                        <p>Siempre Activa. Nunca apagada.<\/p>\n<p>rSIM es la primera tarjeta SIM realmente resiliente e inteligente del mundo que supervisa la conectividad y cambia activamente de perfil para lograr el m\u00e1ximo tiempo de actividad.<\/p>\n                    <\/div>\r\n                <\/div>\r\n                <div class=\"page-banner__title\" data-aos=\"fade-up\" data-aos-delay=\"300\">\r\n                                                                                                        <h1>CASOS DE USO<\/h1>\r\n                                                                                        <\/div>\r\n                            <\/div>\r\n        <\/div>\r\n    <\/div>\r\n<\/section>\n\n\r\n<section class=\"simple-text\">\r\n    <div class=\"simple-text__inner remove-bottom-padding\">\r\n        <div class=\"container\">\r\n            <div class=\"simple-text__wrapper text-large\" data-aos=\"fade-up\">\r\n                <p><strong>Todos los sectores se enfrentan a retos \u00fanicos que exigen una conectividad sin interrupciones y siempre activa. rSIM est\u00e1 a la altura de las circunstancias, y ofrece una soluci\u00f3n de conectividad resiliente que mantiene los servicios y operaciones cr\u00edticos en funcionamiento sin interrupciones.<\/strong><\/p>\n                            <\/div>\r\n        <\/div>\r\n    <\/div>\r\n<\/section>\r\n\n\n\r\n<section class=\"post-grid\">\r\n    <div class=\"post-grid__inner\">\r\n        <div class=\"container\">\r\n                        <div class=\"post-grid__grid use-cases\">\r\n                                    \r\n                        \r\n                        <div class=\"post-grid__item\">\r\n                            \r\n<div class=\"uc-card\">\r\n    <div class=\"uc-card__inner\">\r\n        <a href=\"https:\/\/www.rsim.com\/es\/casos-de-uso\/comercio-minorista-y-hosteleria\/\" class=\"uc-card__link\">\r\n            <div class=\"uc-card__image\" data-aos=\"fade-up\">\r\n                                    <img decoding=\"async\" width=\"1414\" height=\"1414\" src=\"https:\/\/www.rsim.com\/es\/wp-content\/uploads\/sites\/3\/2024\/12\/iStock-1212485751-e1733913279247.jpg\" class=\"attachment-full size-full\" alt=\"\" srcset=\"https:\/\/www.rsim.com\/es\/wp-content\/uploads\/sites\/3\/2024\/12\/iStock-1212485751-e1733913279247.jpg 1414w, https:\/\/www.rsim.com\/es\/wp-content\/uploads\/sites\/3\/2024\/12\/iStock-1212485751-e1733913279247-300x300.jpg 300w, https:\/\/www.rsim.com\/es\/wp-content\/uploads\/sites\/3\/2024\/12\/iStock-1212485751-e1733913279247-1024x1024.jpg 1024w, https:\/\/www.rsim.com\/es\/wp-content\/uploads\/sites\/3\/2024\/12\/iStock-1212485751-e1733913279247-150x150.jpg 150w, https:\/\/www.rsim.com\/es\/wp-content\/uploads\/sites\/3\/2024\/12\/iStock-1212485751-e1733913279247-768x768.jpg 768w\" sizes=\"auto, (max-width: 1414px) 100vw, 1414px\" loading=\"lazy\" \/>                                <span class=\"uc-card__category\">Comercio minorista y hosteler\u00eda<\/span>\r\n                <h3 class=\"uc-card__title\" data-aos=\"fade-up\" data-aos-delay=\"100\">Experiencias sin interrupciones, siempre conectados<\/h3>\r\n            <\/div>\r\n        <\/a>\r\n    <\/div>\r\n<\/div>                        <\/div>\r\n\r\n                    \r\n                        \r\n                        <div class=\"post-grid__item\">\r\n                            \r\n<div class=\"uc-card\">\r\n    <div class=\"uc-card__inner\">\r\n        <a href=\"https:\/\/www.rsim.com\/es\/casos-de-uso\/radiodifusion-y-medios-de-comunicacion\/\" class=\"uc-card__link\">\r\n            <div class=\"uc-card__image\" data-aos=\"fade-up\">\r\n                                    <img decoding=\"async\" width=\"1933\" height=\"1933\" src=\"https:\/\/www.rsim.com\/es\/wp-content\/uploads\/sites\/3\/2024\/12\/iStock-1085239090-scaled-e1733913370443.jpg\" class=\"attachment-full size-full\" alt=\"\" srcset=\"https:\/\/www.rsim.com\/es\/wp-content\/uploads\/sites\/3\/2024\/12\/iStock-1085239090-scaled-e1733913370443.jpg 1933w, https:\/\/www.rsim.com\/es\/wp-content\/uploads\/sites\/3\/2024\/12\/iStock-1085239090-scaled-e1733913370443-300x300.jpg 300w, https:\/\/www.rsim.com\/es\/wp-content\/uploads\/sites\/3\/2024\/12\/iStock-1085239090-scaled-e1733913370443-1024x1024.jpg 1024w, https:\/\/www.rsim.com\/es\/wp-content\/uploads\/sites\/3\/2024\/12\/iStock-1085239090-scaled-e1733913370443-150x150.jpg 150w, https:\/\/www.rsim.com\/es\/wp-content\/uploads\/sites\/3\/2024\/12\/iStock-1085239090-scaled-e1733913370443-768x768.jpg 768w, https:\/\/www.rsim.com\/es\/wp-content\/uploads\/sites\/3\/2024\/12\/iStock-1085239090-scaled-e1733913370443-1536x1536.jpg 1536w\" sizes=\"auto, (max-width: 1933px) 100vw, 1933px\" loading=\"lazy\" \/>                                <span class=\"uc-card__category\">Radiodifusi\u00f3n y medios de comunicaci\u00f3n<\/span>\r\n                <h3 class=\"uc-card__title\" data-aos=\"fade-up\" data-aos-delay=\"100\">Transmisi\u00f3n sin interrupciones<\/h3>\r\n            <\/div>\r\n        <\/a>\r\n    <\/div>\r\n<\/div>                        <\/div>\r\n\r\n                    \r\n                        \r\n                        <div class=\"post-grid__item\">\r\n                            \r\n<div class=\"uc-card\">\r\n    <div class=\"uc-card__inner\">\r\n        <a href=\"https:\/\/www.rsim.com\/es\/casos-de-uso\/trabajadores-solitarios\/\" class=\"uc-card__link\">\r\n            <div class=\"uc-card__image\" data-aos=\"fade-up\">\r\n                                    <img decoding=\"async\" width=\"1413\" height=\"1413\" src=\"https:\/\/www.rsim.com\/es\/wp-content\/uploads\/sites\/3\/2024\/12\/iStock-2153256922-e1733913503765.jpg\" class=\"attachment-full size-full\" alt=\"\" srcset=\"https:\/\/www.rsim.com\/es\/wp-content\/uploads\/sites\/3\/2024\/12\/iStock-2153256922-e1733913503765.jpg 1413w, https:\/\/www.rsim.com\/es\/wp-content\/uploads\/sites\/3\/2024\/12\/iStock-2153256922-e1733913503765-300x300.jpg 300w, https:\/\/www.rsim.com\/es\/wp-content\/uploads\/sites\/3\/2024\/12\/iStock-2153256922-e1733913503765-1024x1024.jpg 1024w, https:\/\/www.rsim.com\/es\/wp-content\/uploads\/sites\/3\/2024\/12\/iStock-2153256922-e1733913503765-150x150.jpg 150w, https:\/\/www.rsim.com\/es\/wp-content\/uploads\/sites\/3\/2024\/12\/iStock-2153256922-e1733913503765-768x768.jpg 768w\" sizes=\"auto, (max-width: 1413px) 100vw, 1413px\" loading=\"lazy\" \/>                                <span class=\"uc-card__category\">Trabajadores solitarios<\/span>\r\n                <h3 class=\"uc-card__title\" data-aos=\"fade-up\" data-aos-delay=\"100\">Permanecer conectados, permanecer seguros<\/h3>\r\n            <\/div>\r\n        <\/a>\r\n    <\/div>\r\n<\/div>                        <\/div>\r\n\r\n                    \r\n                        \r\n                        <div class=\"post-grid__item\">\r\n                            \r\n<div class=\"uc-card\">\r\n    <div class=\"uc-card__inner\">\r\n        <a href=\"https:\/\/www.rsim.com\/es\/casos-de-uso\/servicios-de-emergencia\/\" class=\"uc-card__link\">\r\n            <div class=\"uc-card__image\" data-aos=\"fade-up\">\r\n                                    <img decoding=\"async\" width=\"1710\" height=\"1709\" src=\"https:\/\/www.rsim.com\/es\/wp-content\/uploads\/sites\/3\/2024\/12\/iStock-1453615618-scaled-e1733913408774.jpg\" class=\"attachment-full size-full\" alt=\"\" srcset=\"https:\/\/www.rsim.com\/es\/wp-content\/uploads\/sites\/3\/2024\/12\/iStock-1453615618-scaled-e1733913408774.jpg 1710w, https:\/\/www.rsim.com\/es\/wp-content\/uploads\/sites\/3\/2024\/12\/iStock-1453615618-scaled-e1733913408774-300x300.jpg 300w, https:\/\/www.rsim.com\/es\/wp-content\/uploads\/sites\/3\/2024\/12\/iStock-1453615618-scaled-e1733913408774-1024x1024.jpg 1024w, https:\/\/www.rsim.com\/es\/wp-content\/uploads\/sites\/3\/2024\/12\/iStock-1453615618-scaled-e1733913408774-150x150.jpg 150w, https:\/\/www.rsim.com\/es\/wp-content\/uploads\/sites\/3\/2024\/12\/iStock-1453615618-scaled-e1733913408774-768x768.jpg 768w, https:\/\/www.rsim.com\/es\/wp-content\/uploads\/sites\/3\/2024\/12\/iStock-1453615618-scaled-e1733913408774-1536x1536.jpg 1536w\" sizes=\"auto, (max-width: 1710px) 100vw, 1710px\" loading=\"lazy\" \/>                                <span class=\"uc-card__category\">Servicios de emergencia<\/span>\r\n                <h3 class=\"uc-card__title\" data-aos=\"fade-up\" data-aos-delay=\"100\">Servicios cr\u00edticos, conexiones cr\u00edticas<\/h3>\r\n            <\/div>\r\n        <\/a>\r\n    <\/div>\r\n<\/div>                        <\/div>\r\n\r\n                    \r\n                        \r\n                        <div class=\"post-grid__item\">\r\n                            \r\n<div class=\"uc-card\">\r\n    <div class=\"uc-card__inner\">\r\n        <a href=\"https:\/\/www.rsim.com\/es\/casos-de-uso\/utilities\/\" class=\"uc-card__link\">\r\n            <div class=\"uc-card__image\" data-aos=\"fade-up\">\r\n                                    <img decoding=\"async\" width=\"1569\" height=\"1570\" src=\"https:\/\/www.rsim.com\/es\/wp-content\/uploads\/sites\/3\/2024\/12\/Green-Main-power-switch-shine-and-light-scaled-e1733913453114.jpg\" class=\"attachment-full size-full\" alt=\"\" srcset=\"https:\/\/www.rsim.com\/es\/wp-content\/uploads\/sites\/3\/2024\/12\/Green-Main-power-switch-shine-and-light-scaled-e1733913453114.jpg 1569w, https:\/\/www.rsim.com\/es\/wp-content\/uploads\/sites\/3\/2024\/12\/Green-Main-power-switch-shine-and-light-scaled-e1733913453114-300x300.jpg 300w, https:\/\/www.rsim.com\/es\/wp-content\/uploads\/sites\/3\/2024\/12\/Green-Main-power-switch-shine-and-light-scaled-e1733913453114-1024x1024.jpg 1024w, https:\/\/www.rsim.com\/es\/wp-content\/uploads\/sites\/3\/2024\/12\/Green-Main-power-switch-shine-and-light-scaled-e1733913453114-150x150.jpg 150w, https:\/\/www.rsim.com\/es\/wp-content\/uploads\/sites\/3\/2024\/12\/Green-Main-power-switch-shine-and-light-scaled-e1733913453114-768x768.jpg 768w, https:\/\/www.rsim.com\/es\/wp-content\/uploads\/sites\/3\/2024\/12\/Green-Main-power-switch-shine-and-light-scaled-e1733913453114-1536x1536.jpg 1536w\" sizes=\"auto, (max-width: 1569px) 100vw, 1569px\" loading=\"lazy\" \/>                                <span class=\"uc-card__category\">Servicios p\u00fablicos<\/span>\r\n                <h3 class=\"uc-card__title\" data-aos=\"fade-up\" data-aos-delay=\"100\">Servicios p\u00fablicos conectados, comunidades conectadas<\/h3>\r\n            <\/div>\r\n        <\/a>\r\n    <\/div>\r\n<\/div>                        <\/div>\r\n\r\n                    \r\n                        \r\n                        <div class=\"post-grid__item\">\r\n                            \r\n<div class=\"uc-card\">\r\n    <div class=\"uc-card__inner\">\r\n        <a href=\"https:\/\/www.rsim.com\/es\/casos-de-uso\/atencion-sanitaria\/\" class=\"uc-card__link\">\r\n            <div class=\"uc-card__image\" data-aos=\"fade-up\">\r\n                                    <img decoding=\"async\" width=\"1920\" height=\"1920\" src=\"https:\/\/www.rsim.com\/es\/wp-content\/uploads\/sites\/3\/2024\/12\/Wireframe-Human-Brain-3D-connected-by-rSIM-scaled-e1733913153101.jpg\" class=\"attachment-full size-full\" alt=\"\" srcset=\"https:\/\/www.rsim.com\/es\/wp-content\/uploads\/sites\/3\/2024\/12\/Wireframe-Human-Brain-3D-connected-by-rSIM-scaled-e1733913153101.jpg 1920w, https:\/\/www.rsim.com\/es\/wp-content\/uploads\/sites\/3\/2024\/12\/Wireframe-Human-Brain-3D-connected-by-rSIM-scaled-e1733913153101-300x300.jpg 300w, https:\/\/www.rsim.com\/es\/wp-content\/uploads\/sites\/3\/2024\/12\/Wireframe-Human-Brain-3D-connected-by-rSIM-scaled-e1733913153101-1024x1024.jpg 1024w, https:\/\/www.rsim.com\/es\/wp-content\/uploads\/sites\/3\/2024\/12\/Wireframe-Human-Brain-3D-connected-by-rSIM-scaled-e1733913153101-150x150.jpg 150w, https:\/\/www.rsim.com\/es\/wp-content\/uploads\/sites\/3\/2024\/12\/Wireframe-Human-Brain-3D-connected-by-rSIM-scaled-e1733913153101-768x768.jpg 768w, https:\/\/www.rsim.com\/es\/wp-content\/uploads\/sites\/3\/2024\/12\/Wireframe-Human-Brain-3D-connected-by-rSIM-scaled-e1733913153101-1536x1536.jpg 1536w\" sizes=\"auto, (max-width: 1920px) 100vw, 1920px\" loading=\"lazy\" \/>                                <span class=\"uc-card__category\">Atenci\u00f3n sanitaria<\/span>\r\n                <h3 class=\"uc-card__title\" data-aos=\"fade-up\" data-aos-delay=\"100\">Redes seguras, asistencia fiable<\/h3>\r\n            <\/div>\r\n        <\/a>\r\n    <\/div>\r\n<\/div>                        <\/div>\r\n\r\n                    \r\n                        \r\n                        <div class=\"post-grid__item\">\r\n                            \r\n<div class=\"uc-card\">\r\n    <div class=\"uc-card__inner\">\r\n        <a href=\"https:\/\/www.rsim.com\/es\/casos-de-uso\/carga-de-ve\/\" class=\"uc-card__link\">\r\n            <div class=\"uc-card__image\" data-aos=\"fade-up\">\r\n                                    <img decoding=\"async\" width=\"1414\" height=\"1414\" src=\"https:\/\/www.rsim.com\/es\/wp-content\/uploads\/sites\/3\/2024\/12\/rSIM-connectting-EV-Charging-stations-with-Resilient-SIM-connectivity--e1733913214180.jpg\" class=\"attachment-full size-full\" alt=\"\" srcset=\"https:\/\/www.rsim.com\/es\/wp-content\/uploads\/sites\/3\/2024\/12\/rSIM-connectting-EV-Charging-stations-with-Resilient-SIM-connectivity--e1733913214180.jpg 1414w, https:\/\/www.rsim.com\/es\/wp-content\/uploads\/sites\/3\/2024\/12\/rSIM-connectting-EV-Charging-stations-with-Resilient-SIM-connectivity--e1733913214180-300x300.jpg 300w, https:\/\/www.rsim.com\/es\/wp-content\/uploads\/sites\/3\/2024\/12\/rSIM-connectting-EV-Charging-stations-with-Resilient-SIM-connectivity--e1733913214180-1024x1024.jpg 1024w, https:\/\/www.rsim.com\/es\/wp-content\/uploads\/sites\/3\/2024\/12\/rSIM-connectting-EV-Charging-stations-with-Resilient-SIM-connectivity--e1733913214180-150x150.jpg 150w, https:\/\/www.rsim.com\/es\/wp-content\/uploads\/sites\/3\/2024\/12\/rSIM-connectting-EV-Charging-stations-with-Resilient-SIM-connectivity--e1733913214180-768x768.jpg 768w\" sizes=\"auto, (max-width: 1414px) 100vw, 1414px\" loading=\"lazy\" \/>                                <span class=\"uc-card__category\">Carga de VE<\/span>\r\n                <h3 class=\"uc-card__title\" data-aos=\"fade-up\" data-aos-delay=\"100\">Conectividad de carga para estaciones de carga de VE<\/h3>\r\n            <\/div>\r\n        <\/a>\r\n    <\/div>\r\n<\/div>                        <\/div>\r\n\r\n                    \r\n                        \r\n                        <div class=\"post-grid__item\">\r\n                            \r\n<div class=\"uc-card\">\r\n    <div class=\"uc-card__inner\">\r\n        <a href=\"https:\/\/www.rsim.com\/es\/casos-de-uso\/micro-movilidad\/\" class=\"uc-card__link\">\r\n            <div class=\"uc-card__image\" data-aos=\"fade-up\">\r\n                                    <img decoding=\"async\" width=\"753\" height=\"753\" src=\"https:\/\/www.rsim.com\/es\/wp-content\/uploads\/sites\/3\/2024\/12\/rSIM-Insights-Page-Website-Design-2-e1733913321380.png\" class=\"attachment-full size-full\" alt=\"\" srcset=\"https:\/\/www.rsim.com\/es\/wp-content\/uploads\/sites\/3\/2024\/12\/rSIM-Insights-Page-Website-Design-2-e1733913321380.png 753w, https:\/\/www.rsim.com\/es\/wp-content\/uploads\/sites\/3\/2024\/12\/rSIM-Insights-Page-Website-Design-2-e1733913321380-300x300.png 300w, https:\/\/www.rsim.com\/es\/wp-content\/uploads\/sites\/3\/2024\/12\/rSIM-Insights-Page-Website-Design-2-e1733913321380-150x150.png 150w\" sizes=\"auto, (max-width: 753px) 100vw, 753px\" loading=\"lazy\" \/>                                <span class=\"uc-card__category\">Micromovilidad<\/span>\r\n                <h3 class=\"uc-card__title\" data-aos=\"fade-up\" data-aos-delay=\"100\">Conectividad a escala con tu flota<\/h3>\r\n            <\/div>\r\n        <\/a>\r\n    <\/div>\r\n<\/div>                        <\/div>\r\n\r\n                                                                    <\/div>\r\n        <\/div>\r\n    <\/div>\r\n<\/section>\r\n","protected":false},"excerpt":{"rendered":"","protected":false},"author":1,"featured_media":0,"parent":0,"menu_order":0,"comment_status":"closed","ping_status":"closed","template":"","meta":{"_acf_changed":false,"inline_featured_image":false,"footnotes":""},"class_list":["post-484","page","type-page","status-publish","hentry"],"acf":[],"yoast_head":"<!-- This site is optimized with the Yoast SEO Premium plugin v27.4 (Yoast SEO v27.4) - https:\/\/yoast.com\/product\/yoast-seo-premium-wordpress\/ -->\n<title>Casos de uso - rSIM ES<\/title>\n<meta name=\"description\" content=\"Explore el mundo de rSIM y sus casos de uso industriales compatibles. Esta innovadora tarjeta SIM garantiza una conectividad confiable y un m\u00e1ximo tiempo de actividad.\" \/>\n<meta name=\"robots\" content=\"index, follow, max-snippet:-1, max-image-preview:large, max-video-preview:-1\" \/>\n<meta property=\"og:locale\" content=\"en_US\" \/>\n<meta property=\"og:type\" content=\"article\" \/>\n<meta property=\"og:title\" content=\"Casos de uso\" \/>\n<meta property=\"og:description\" content=\"Explore el mundo de rSIM y sus casos de uso industriales compatibles. Esta innovadora tarjeta SIM garantiza una conectividad confiable y un m\u00e1ximo tiempo de actividad.\" \/>\n<meta property=\"og:url\" content=\"https:\/\/www.rsim.com\/es\/casos-de-uso\/\" \/>\n<meta property=\"og:site_name\" content=\"rSIM ES\" \/>\n<meta property=\"article:modified_time\" content=\"2024-12-11T13:44:20+00:00\" \/>\n<meta name=\"twitter:card\" content=\"summary_large_image\" \/>\n<meta name=\"twitter:label1\" content=\"Est. reading time\" \/>\n\t<meta name=\"twitter:data1\" content=\"3 minutes\" \/>\n<script type=\"application\/ld+json\" class=\"yoast-schema-graph\">{\"@context\":\"https:\\\/\\\/schema.org\",\"@graph\":[{\"@type\":\"WebPage\",\"@id\":\"https:\\\/\\\/www.rsim.com\\\/es\\\/casos-de-uso\\\/\",\"url\":\"https:\\\/\\\/www.rsim.com\\\/es\\\/casos-de-uso\\\/\",\"name\":\"Casos de uso - rSIM ES\",\"isPartOf\":{\"@id\":\"https:\\\/\\\/www.rsim.com\\\/es\\\/#website\"},\"datePublished\":\"2024-11-22T15:57:50+00:00\",\"dateModified\":\"2024-12-11T13:44:20+00:00\",\"description\":\"Explore el mundo de rSIM y sus casos de uso industriales compatibles. Esta innovadora tarjeta SIM garantiza una conectividad confiable y un m\u00e1ximo tiempo de actividad.\",\"breadcrumb\":{\"@id\":\"https:\\\/\\\/www.rsim.com\\\/es\\\/casos-de-uso\\\/#breadcrumb\"},\"inLanguage\":\"en-US\",\"potentialAction\":[{\"@type\":\"ReadAction\",\"target\":[\"https:\\\/\\\/www.rsim.com\\\/es\\\/casos-de-uso\\\/\"]}]},{\"@type\":\"BreadcrumbList\",\"@id\":\"https:\\\/\\\/www.rsim.com\\\/es\\\/casos-de-uso\\\/#breadcrumb\",\"itemListElement\":[{\"@type\":\"ListItem\",\"position\":1,\"name\":\"Home\",\"item\":\"https:\\\/\\\/www.rsim.com\\\/es\\\/\"},{\"@type\":\"ListItem\",\"position\":2,\"name\":\"Casos de uso\"}]},{\"@type\":\"WebSite\",\"@id\":\"https:\\\/\\\/www.rsim.com\\\/es\\\/#website\",\"url\":\"https:\\\/\\\/www.rsim.com\\\/es\\\/\",\"name\":\"rSIM ES\",\"description\":\"\",\"potentialAction\":[{\"@type\":\"SearchAction\",\"target\":{\"@type\":\"EntryPoint\",\"urlTemplate\":\"https:\\\/\\\/www.rsim.com\\\/es\\\/?s={search_term_string}\"},\"query-input\":{\"@type\":\"PropertyValueSpecification\",\"valueRequired\":true,\"valueName\":\"search_term_string\"}}],\"inLanguage\":\"en-US\"}]}<\/script>\n<!-- \/ Yoast SEO Premium plugin. -->","yoast_head_json":{"title":"Casos de uso - rSIM ES","description":"Explore el mundo de rSIM y sus casos de uso industriales compatibles. Esta innovadora tarjeta SIM garantiza una conectividad confiable y un m\u00e1ximo tiempo de actividad.","robots":{"index":"index","follow":"follow","max-snippet":"max-snippet:-1","max-image-preview":"max-image-preview:large","max-video-preview":"max-video-preview:-1"},"og_locale":"en_US","og_type":"article","og_title":"Casos de uso","og_description":"Explore el mundo de rSIM y sus casos de uso industriales compatibles. Esta innovadora tarjeta SIM garantiza una conectividad confiable y un m\u00e1ximo tiempo de actividad.","og_url":"https:\/\/www.rsim.com\/es\/casos-de-uso\/","og_site_name":"rSIM ES","article_modified_time":"2024-12-11T13:44:20+00:00","twitter_card":"summary_large_image","twitter_misc":{"Est. reading time":"3 minutes"},"schema":{"@context":"https:\/\/schema.org","@graph":[{"@type":"WebPage","@id":"https:\/\/www.rsim.com\/es\/casos-de-uso\/","url":"https:\/\/www.rsim.com\/es\/casos-de-uso\/","name":"Casos de uso - rSIM ES","isPartOf":{"@id":"https:\/\/www.rsim.com\/es\/#website"},"datePublished":"2024-11-22T15:57:50+00:00","dateModified":"2024-12-11T13:44:20+00:00","description":"Explore el mundo de rSIM y sus casos de uso industriales compatibles. Esta innovadora tarjeta SIM garantiza una conectividad confiable y un m\u00e1ximo tiempo de actividad.","breadcrumb":{"@id":"https:\/\/www.rsim.com\/es\/casos-de-uso\/#breadcrumb"},"inLanguage":"en-US","potentialAction":[{"@type":"ReadAction","target":["https:\/\/www.rsim.com\/es\/casos-de-uso\/"]}]},{"@type":"BreadcrumbList","@id":"https:\/\/www.rsim.com\/es\/casos-de-uso\/#breadcrumb","itemListElement":[{"@type":"ListItem","position":1,"name":"Home","item":"https:\/\/www.rsim.com\/es\/"},{"@type":"ListItem","position":2,"name":"Casos de uso"}]},{"@type":"WebSite","@id":"https:\/\/www.rsim.com\/es\/#website","url":"https:\/\/www.rsim.com\/es\/","name":"rSIM ES","description":"","potentialAction":[{"@type":"SearchAction","target":{"@type":"EntryPoint","urlTemplate":"https:\/\/www.rsim.com\/es\/?s={search_term_string}"},"query-input":{"@type":"PropertyValueSpecification","valueRequired":true,"valueName":"search_term_string"}}],"inLanguage":"en-US"}]}},"_links":{"self":[{"href":"https:\/\/www.rsim.com\/es\/wp-json\/wp\/v2\/pages\/484","targetHints":{"allow":["GET"]}}],"collection":[{"href":"https:\/\/www.rsim.com\/es\/wp-json\/wp\/v2\/pages"}],"about":[{"href":"https:\/\/www.rsim.com\/es\/wp-json\/wp\/v2\/types\/page"}],"author":[{"embeddable":true,"href":"https:\/\/www.rsim.com\/es\/wp-json\/wp\/v2\/users\/1"}],"replies":[{"embeddable":true,"href":"https:\/\/www.rsim.com\/es\/wp-json\/wp\/v2\/comments?post=484"}],"version-history":[{"count":5,"href":"https:\/\/www.rsim.com\/es\/wp-json\/wp\/v2\/pages\/484\/revisions"}],"predecessor-version":[{"id":812,"href":"https:\/\/www.rsim.com\/es\/wp-json\/wp\/v2\/pages\/484\/revisions\/812"}],"wp:attachment":[{"href":"https:\/\/www.rsim.com\/es\/wp-json\/wp\/v2\/media?parent=484"}],"curies":[{"name":"wp","href":"https:\/\/api.w.org\/{rel}","templated":true}]}}