{"id":384,"date":"2024-10-25T09:04:30","date_gmt":"2024-10-25T09:04:30","guid":{"rendered":"https:\/\/www.rsim.com\/es\/?page_id=384"},"modified":"2024-12-03T17:09:06","modified_gmt":"2024-12-03T17:09:06","slug":"introduction-to-resilient-sim-download","status":"publish","type":"page","link":"https:\/\/www.rsim.com\/es\/introduction-to-resilient-sim-download\/","title":{"rendered":"Intro-Pack"},"content":{"rendered":"\r\n\r\n<section class=\"page-banner\">\r\n    <div class=\"page-banner__inner\">\r\n        <div class=\"container\">\r\n            <div class=\"page-banner__wrapper\">\r\n                <div class=\"page-banner__top-content\">\r\n                    <div data-aos=\"fade-up\">\r\n                        <p>Siempre Activa. Nunca apagada.<\/p>\n<p>rSIM es la primera tarjeta SIM realmente resiliente e inteligente del mundo que supervisa la conectividad y cambia activamente de perfil para lograr el m\u00e1ximo tiempo de actividad.<\/p>\n                    <\/div>\r\n                <\/div>\r\n                <div class=\"page-banner__title\" data-aos=\"fade-up\" data-aos-delay=\"300\">\r\n                                                                                                        <h1>INTRODUCCI\u00d3N A LA rSIM<\/h1>\r\n                                                                                        <\/div>\r\n                            <\/div>\r\n        <\/div>\r\n    <\/div>\r\n<\/section>\n\n\r\n\r\n<section class=\"asset-download\">\r\n    <div class=\"asset-download__inner\">\r\n        <div class=\"container\">\r\n            <div class=\"asset-download__wrapper\">\r\n                <div class=\"asset-download__image\" data-aos=\"fade-up\">\r\n                                            <img decoding=\"async\" width=\"750\" height=\"1083\" src=\"https:\/\/www.rsim.com\/es\/wp-content\/uploads\/sites\/3\/2024\/10\/rSIMIntroduction.png.webp\" class=\"attachment-full size-full\" alt=\"\" srcset=\"https:\/\/www.rsim.com\/es\/wp-content\/uploads\/sites\/3\/2024\/10\/rSIMIntroduction.png.webp 750w, https:\/\/www.rsim.com\/es\/wp-content\/uploads\/sites\/3\/2024\/10\/rSIMIntroduction-208x300.png.webp 208w, https:\/\/www.rsim.com\/es\/wp-content\/uploads\/sites\/3\/2024\/10\/rSIMIntroduction-709x1024.png.webp 709w\" sizes=\"auto, (max-width: 750px) 100vw, 750px\" loading=\"lazy\" \/>                                    <\/div>\r\n                <div class=\"asset-download__info\">\r\n                    <div class=\"asset-download__content\" data-aos=\"fade-right\" data-aos-delay=\"200\">\r\n                        <h2>Introducci\u00f3n a la <br \/> SIM resiliente<\/h2>\r\n                        <span class=\"asset-download__date\">\r\n                        octubre 2024                        <\/span>\r\n                        <div class=\"asset-download__content-inner\">\r\n                            <h4 class=\"sqsrte-large preFade fadeIn\"><strong>Presentaci\u00f3n de la rSIM: una revoluci\u00f3n en conectividad<\/strong><\/h4>\n<p class=\"preFade fadeIn\">Descubre c\u00f3mo la rSIM puede transformar tu negocio registr\u00e1ndote para acceder a nuestro completo documento de introducci\u00f3n a la rSIM.<\/p>\n<div class=\"ewa-rteLine\">Este detallado documento profundiza en el problema cr\u00edtico de la p\u00e9rdida de conectividad, presentando las innovadoras soluciones que ofrece la rSIM para garantizar que tus operaciones est\u00e9n siempre en l\u00ednea.\u00a0Conoce las importantes ventajas que aporta a diversos sectores, como una mayor eficiencia operativa y una mayor satisfacci\u00f3n del cliente<\/div>\n<p class=\"preFade fadeIn\">Al inscribirte, obtendr\u00e1s informaci\u00f3n exclusiva sobre el futuro de la conectividad m\u00f3vil, lo que dotar\u00e1 a tu empresa de los conocimientos necesarios para mantenerse a la vanguardia en un panorama digital en constante evoluci\u00f3n.<\/p>\n<p class=\"preFade fadeIn\">Cumplimenta el siguiente formulario para acceder a la descarga del documento.<\/p>\n<p>&nbsp;<\/p>\n\n<div class=\"wpcf7 no-js\" id=\"wpcf7-f383-o1\" lang=\"en-US\" dir=\"ltr\" data-wpcf7-id=\"383\">\n<div class=\"screen-reader-response\"><p role=\"status\" aria-live=\"polite\" aria-atomic=\"true\"><\/p> <ul><\/ul><\/div>\n<form action=\"\/es\/wp-json\/wp\/v2\/pages\/384#wpcf7-f383-o1\" method=\"post\" class=\"wpcf7-form init\" aria-label=\"Contact form\" novalidate=\"novalidate\" data-status=\"init\">\n<fieldset class=\"hidden-fields-container\"><input type=\"hidden\" name=\"_wpcf7\" value=\"383\" \/><input type=\"hidden\" name=\"_wpcf7_version\" value=\"6.1.5\" \/><input type=\"hidden\" name=\"_wpcf7_locale\" value=\"en_US\" \/><input type=\"hidden\" name=\"_wpcf7_unit_tag\" value=\"wpcf7-f383-o1\" \/><input type=\"hidden\" name=\"_wpcf7_container_post\" value=\"0\" \/><input type=\"hidden\" name=\"_wpcf7_posted_data_hash\" value=\"\" \/><input type=\"hidden\" name=\"_wpcf7_recaptcha_response\" value=\"\" \/>\n<\/fieldset>\n<h3 class=\"h4\" style=\"margin: 0 0 10px\">Descarga el paquete de introducci\u00f3n a la rSIM aqu\u00ed:\n<\/h3>\n<div class=\"form-group\">\n\t<p><label for=\"your-email\">Correo electr\u00f3nico:<small>(obligatorio)<\/small><\/label><span class=\"wpcf7-form-control-wrap\" data-name=\"your-email\"><input size=\"40\" maxlength=\"400\" class=\"wpcf7-form-control wpcf7-email wpcf7-validates-as-required wpcf7-text wpcf7-validates-as-email\" id=\"your-email\" aria-required=\"true\" aria-invalid=\"false\" placeholder=\"Email Address\" value=\"\" type=\"email\" name=\"your-email\" \/><\/span>\n\t<\/p>\n<\/div>\n<div class=\"form-group\">\n\t<p><input class=\"wpcf7-form-control wpcf7-submit has-spinner\" type=\"submit\" value=\"Enviar\" \/>\n\t<\/p>\n<\/div><div class=\"wpcf7-response-output\" aria-hidden=\"true\"><\/div>\n<\/form>\n<\/div>\n\n                        <\/div>\r\n                                            <\/div>\r\n                <\/div>\r\n            <\/div>\r\n        <\/div>\r\n    <\/div>\r\n<\/section>","protected":false},"excerpt":{"rendered":"","protected":false},"author":1,"featured_media":0,"parent":0,"menu_order":0,"comment_status":"closed","ping_status":"closed","template":"","meta":{"_acf_changed":false,"inline_featured_image":false,"footnotes":""},"class_list":["post-384","page","type-page","status-publish","hentry"],"acf":[],"yoast_head":"<!-- This site is optimized with the Yoast SEO Premium plugin v27.4 (Yoast SEO v27.4) - https:\/\/yoast.com\/product\/yoast-seo-premium-wordpress\/ -->\n<title>Intro-Pack - rSIM ES<\/title>\n<meta name=\"robots\" content=\"index, follow, max-snippet:-1, max-image-preview:large, max-video-preview:-1\" \/>\n<meta property=\"og:locale\" content=\"en_US\" \/>\n<meta property=\"og:type\" content=\"article\" \/>\n<meta property=\"og:title\" content=\"Intro-Pack\" \/>\n<meta property=\"og:url\" content=\"https:\/\/www.rsim.com\/es\/introduction-to-resilient-sim-download\/\" \/>\n<meta property=\"og:site_name\" content=\"rSIM ES\" \/>\n<meta property=\"article:modified_time\" content=\"2024-12-03T17:09:06+00:00\" \/>\n<meta name=\"twitter:card\" content=\"summary_large_image\" \/>\n<meta name=\"twitter:label1\" content=\"Est. reading time\" \/>\n\t<meta name=\"twitter:data1\" content=\"1 minute\" \/>\n<script type=\"application\/ld+json\" class=\"yoast-schema-graph\">{\"@context\":\"https:\\\/\\\/schema.org\",\"@graph\":[{\"@type\":\"WebPage\",\"@id\":\"https:\\\/\\\/www.rsim.com\\\/es\\\/introduction-to-resilient-sim-download\\\/\",\"url\":\"https:\\\/\\\/www.rsim.com\\\/es\\\/introduction-to-resilient-sim-download\\\/\",\"name\":\"Intro-Pack - rSIM ES\",\"isPartOf\":{\"@id\":\"https:\\\/\\\/www.rsim.com\\\/es\\\/#website\"},\"datePublished\":\"2024-10-25T09:04:30+00:00\",\"dateModified\":\"2024-12-03T17:09:06+00:00\",\"breadcrumb\":{\"@id\":\"https:\\\/\\\/www.rsim.com\\\/es\\\/introduction-to-resilient-sim-download\\\/#breadcrumb\"},\"inLanguage\":\"en-US\",\"potentialAction\":[{\"@type\":\"ReadAction\",\"target\":[\"https:\\\/\\\/www.rsim.com\\\/es\\\/introduction-to-resilient-sim-download\\\/\"]}]},{\"@type\":\"BreadcrumbList\",\"@id\":\"https:\\\/\\\/www.rsim.com\\\/es\\\/introduction-to-resilient-sim-download\\\/#breadcrumb\",\"itemListElement\":[{\"@type\":\"ListItem\",\"position\":1,\"name\":\"Home\",\"item\":\"https:\\\/\\\/www.rsim.com\\\/es\\\/\"},{\"@type\":\"ListItem\",\"position\":2,\"name\":\"Intro-Pack\"}]},{\"@type\":\"WebSite\",\"@id\":\"https:\\\/\\\/www.rsim.com\\\/es\\\/#website\",\"url\":\"https:\\\/\\\/www.rsim.com\\\/es\\\/\",\"name\":\"rSIM ES\",\"description\":\"\",\"potentialAction\":[{\"@type\":\"SearchAction\",\"target\":{\"@type\":\"EntryPoint\",\"urlTemplate\":\"https:\\\/\\\/www.rsim.com\\\/es\\\/?s={search_term_string}\"},\"query-input\":{\"@type\":\"PropertyValueSpecification\",\"valueRequired\":true,\"valueName\":\"search_term_string\"}}],\"inLanguage\":\"en-US\"}]}<\/script>\n<!-- \/ Yoast SEO Premium plugin. -->","yoast_head_json":{"title":"Intro-Pack - rSIM ES","robots":{"index":"index","follow":"follow","max-snippet":"max-snippet:-1","max-image-preview":"max-image-preview:large","max-video-preview":"max-video-preview:-1"},"og_locale":"en_US","og_type":"article","og_title":"Intro-Pack","og_url":"https:\/\/www.rsim.com\/es\/introduction-to-resilient-sim-download\/","og_site_name":"rSIM ES","article_modified_time":"2024-12-03T17:09:06+00:00","twitter_card":"summary_large_image","twitter_misc":{"Est. reading time":"1 minute"},"schema":{"@context":"https:\/\/schema.org","@graph":[{"@type":"WebPage","@id":"https:\/\/www.rsim.com\/es\/introduction-to-resilient-sim-download\/","url":"https:\/\/www.rsim.com\/es\/introduction-to-resilient-sim-download\/","name":"Intro-Pack - rSIM ES","isPartOf":{"@id":"https:\/\/www.rsim.com\/es\/#website"},"datePublished":"2024-10-25T09:04:30+00:00","dateModified":"2024-12-03T17:09:06+00:00","breadcrumb":{"@id":"https:\/\/www.rsim.com\/es\/introduction-to-resilient-sim-download\/#breadcrumb"},"inLanguage":"en-US","potentialAction":[{"@type":"ReadAction","target":["https:\/\/www.rsim.com\/es\/introduction-to-resilient-sim-download\/"]}]},{"@type":"BreadcrumbList","@id":"https:\/\/www.rsim.com\/es\/introduction-to-resilient-sim-download\/#breadcrumb","itemListElement":[{"@type":"ListItem","position":1,"name":"Home","item":"https:\/\/www.rsim.com\/es\/"},{"@type":"ListItem","position":2,"name":"Intro-Pack"}]},{"@type":"WebSite","@id":"https:\/\/www.rsim.com\/es\/#website","url":"https:\/\/www.rsim.com\/es\/","name":"rSIM ES","description":"","potentialAction":[{"@type":"SearchAction","target":{"@type":"EntryPoint","urlTemplate":"https:\/\/www.rsim.com\/es\/?s={search_term_string}"},"query-input":{"@type":"PropertyValueSpecification","valueRequired":true,"valueName":"search_term_string"}}],"inLanguage":"en-US"}]}},"_links":{"self":[{"href":"https:\/\/www.rsim.com\/es\/wp-json\/wp\/v2\/pages\/384","targetHints":{"allow":["GET"]}}],"collection":[{"href":"https:\/\/www.rsim.com\/es\/wp-json\/wp\/v2\/pages"}],"about":[{"href":"https:\/\/www.rsim.com\/es\/wp-json\/wp\/v2\/types\/page"}],"author":[{"embeddable":true,"href":"https:\/\/www.rsim.com\/es\/wp-json\/wp\/v2\/users\/1"}],"replies":[{"embeddable":true,"href":"https:\/\/www.rsim.com\/es\/wp-json\/wp\/v2\/comments?post=384"}],"version-history":[{"count":9,"href":"https:\/\/www.rsim.com\/es\/wp-json\/wp\/v2\/pages\/384\/revisions"}],"predecessor-version":[{"id":619,"href":"https:\/\/www.rsim.com\/es\/wp-json\/wp\/v2\/pages\/384\/revisions\/619"}],"wp:attachment":[{"href":"https:\/\/www.rsim.com\/es\/wp-json\/wp\/v2\/media?parent=384"}],"curies":[{"name":"wp","href":"https:\/\/api.w.org\/{rel}","templated":true}]}}