{"id":32,"date":"2024-10-14T13:55:11","date_gmt":"2024-10-14T13:55:11","guid":{"rendered":"https:\/\/www.rsim.com\/es\/?page_id=32"},"modified":"2025-04-14T14:03:50","modified_gmt":"2025-04-14T14:03:50","slug":"carreras","status":"publish","type":"page","link":"https:\/\/www.rsim.com\/es\/carreras\/","title":{"rendered":"Carreras"},"content":{"rendered":"\r\n\r\n<section class=\"page-banner\">\r\n    <div class=\"page-banner__inner\">\r\n        <div class=\"container\">\r\n            <div class=\"page-banner__wrapper\">\r\n                <div class=\"page-banner__top-content\">\r\n                    <div data-aos=\"fade-up\">\r\n                        <p>Siempre Activa. Nunca apagada.<\/p>\n<p>rSIM es la primera tarjeta SIM realmente resiliente e inteligente del mundo que supervisa la conectividad y cambia activamente de perfil para lograr el m\u00e1ximo tiempo de actividad.<\/p>\n                    <\/div>\r\n                <\/div>\r\n                <div class=\"page-banner__title\" data-aos=\"fade-up\" data-aos-delay=\"300\">\r\n                                                                                                        <h1>CARRERAS PROFESIONALES<\/h1>\r\n                                                                                        <\/div>\r\n                            <\/div>\r\n        <\/div>\r\n    <\/div>\r\n<\/section>\n\n\r\n<section class=\"multi-columns\">\r\n    <div class=\"multi-columns__inner remove-bottom-padding\">\r\n        <div class=\"container\">\r\n            <div class=\"multi-columns__grid\">\r\n                                                                                    <div class=\"multi-columns__column\"\r\n                            data-aos=\"fade-up\"\r\n                            data-aos-delay=\"0\"\r\n                            style=\"--min-width: 65%; --flex-grow: 0;--align-items: flex-start;\">\r\n                            <div class=\"multi-columns__column-inner\">\r\n                                                                                                            \r\n                                        \r\n                                                                                        \r\n                                            \r\n<section class=\"simple-text\">\r\n    <div class=\"simple-text__inner remove-bottom-padding\">\r\n        <div class=\"container\">\r\n            <div class=\"simple-text__wrapper\" data-aos=\"fade-up\">\r\n                <h2>\u00danete al equipo de rSIM y ponte a la vanguardia de la innovaci\u00f3n en conectividad IoT.<\/h2>\n                            <\/div>\r\n        <\/div>\r\n    <\/div>\r\n<\/section>\r\n\r\n                                        \r\n                                                                                                <\/div>\r\n                        <\/div>\r\n                                                <\/div>\r\n        <\/div>\r\n    <\/div>\r\n<\/section>\r\n\n\n\r\n<section class=\"multi-columns\">\r\n    <div class=\"multi-columns__inner remove-bottom-padding\">\r\n        <div class=\"container\">\r\n            <div class=\"multi-columns__grid\">\r\n                                                                                    <div class=\"multi-columns__column\"\r\n                            data-aos=\"fade-up\"\r\n                            data-aos-delay=\"0\"\r\n                            style=\"--min-width: 65%; --flex-grow: 0;--align-items: flex-start;\">\r\n                            <div class=\"multi-columns__column-inner\">\r\n                                                                                                            \r\n                                        \r\n                                                                                        \r\n                                            \r\n<section class=\"simple-text\">\r\n    <div class=\"simple-text__inner remove-bottom-padding\">\r\n        <div class=\"container\">\r\n            <div class=\"simple-text__wrapper text-large\" data-aos=\"fade-up\">\r\n                <p><img loading=\"lazy\" decoding=\"async\" class=\"alignnone wp-image-329 size-full\" src=\"https:\/\/www.rsim.com\/es\/wp-content\/uploads\/sites\/3\/2024\/10\/rSIMt-shirt.png\" alt=\"\" width=\"2390\" height=\"1042\" srcset=\"https:\/\/www.rsim.com\/es\/wp-content\/uploads\/sites\/3\/2024\/10\/rSIMt-shirt.png.webp 2100w, https:\/\/www.rsim.com\/es\/wp-content\/uploads\/sites\/3\/2024\/10\/rSIMt-shirt-300x131.png.webp 300w, https:\/\/www.rsim.com\/es\/wp-content\/uploads\/sites\/3\/2024\/10\/rSIMt-shirt-1024x446.png.webp 1024w, https:\/\/www.rsim.com\/es\/wp-content\/uploads\/sites\/3\/2024\/10\/rSIMt-shirt-768x335.png.webp 768w, https:\/\/www.rsim.com\/es\/wp-content\/uploads\/sites\/3\/2024\/10\/rSIMt-shirt-1536x670.png.webp 1536w, https:\/\/www.rsim.com\/es\/wp-content\/uploads\/sites\/3\/2024\/10\/rSIMt-shirt-2048x893.png.webp 2048w\" sizes=\"auto, (max-width: 2390px) 100vw, 2390px\" \/><\/p>\n<p>En rSIM, tendr\u00e1s la oportunidad de trabajar con la primera tarjeta SIM verdaderamente inteligente del mundo, equipada con tecnolog\u00eda punta que redefine la fiabilidad y la resiliencia.\u00a0Nos enorgullecemos fomentar un entorno de trabajo colaborativo y din\u00e1mico en el que tus ideas pueden tener un impacto real. Al unirte a nosotros, formar\u00e1s parte de una empresa con visi\u00f3n de futuro que valora la creatividad, el crecimiento y la b\u00fasqueda incesante de la excelencia.\u00a0Si te apasiona la tecnolog\u00eda y est\u00e1s deseoso(a) de ampliar los l\u00edmites de lo posible, rSIM es el lugar perfecto para que prosperes.<\/p>\n<p>rSIM forma parte de CSL Group.<\/p>\n<p><img loading=\"lazy\" decoding=\"async\" class=\"alignnone wp-image-330 size-full\" src=\"https:\/\/www.rsim.com\/es\/wp-content\/uploads\/sites\/3\/2024\/10\/rSIMJobCareers.png\" alt=\"\" width=\"2500\" height=\"595\" srcset=\"https:\/\/www.rsim.com\/es\/wp-content\/uploads\/sites\/3\/2024\/10\/rSIMJobCareers.png.webp 2100w, https:\/\/www.rsim.com\/es\/wp-content\/uploads\/sites\/3\/2024\/10\/rSIMJobCareers-300x71.png.webp 300w, https:\/\/www.rsim.com\/es\/wp-content\/uploads\/sites\/3\/2024\/10\/rSIMJobCareers-1024x244.png.webp 1024w, https:\/\/www.rsim.com\/es\/wp-content\/uploads\/sites\/3\/2024\/10\/rSIMJobCareers-768x183.png.webp 768w, https:\/\/www.rsim.com\/es\/wp-content\/uploads\/sites\/3\/2024\/10\/rSIMJobCareers-1536x366.png.webp 1536w, https:\/\/www.rsim.com\/es\/wp-content\/uploads\/sites\/3\/2024\/10\/rSIMJobCareers-2048x487.png.webp 2048w\" sizes=\"auto, (max-width: 2500px) 100vw, 2500px\" \/><\/p>\n                            <\/div>\r\n        <\/div>\r\n    <\/div>\r\n<\/section>\r\n\r\n                                        \r\n                                                                                                <\/div>\r\n                        <\/div>\r\n                                                                    <div class=\"multi-columns__column\"\r\n                            data-aos=\"fade-up\"\r\n                            data-aos-delay=\"200\"\r\n                            style=\"--min-width: 30%; --flex-grow: 0;--align-items: space-between;\">\r\n                            <div class=\"multi-columns__column-inner\">\r\n                                                                                                            \r\n                                        \r\n                                                                                        \r\n                                            \r\n<section class=\"simple-text\">\r\n    <div class=\"simple-text__inner remove-bottom-padding\">\r\n        <div class=\"container\">\r\n            <div class=\"simple-text__wrapper\" data-aos=\"fade-up\">\r\n                <h3 class=\"preSlide slideIn\">Funciones actuales:<\/h3>\n                            <\/div>\r\n        <\/div>\r\n    <\/div>\r\n<\/section>\r\n\r\n                                        \r\n                                                                            \r\n                                        \r\n                                                                                        \r\n                                            \r\n<section class=\"simple-text\">\r\n    <div class=\"simple-text__inner remove-bottom-padding\">\r\n        <div class=\"container\">\r\n            <div class=\"simple-text__wrapper\" data-aos=\"fade-up\">\r\n                <div style=\"grid-template-columns: repeat(2, 1fr);gap: 10px\"><img loading=\"lazy\" decoding=\"async\" width=\"300\" height=\"299\" class=\"size-full wp-image-409 alignleft\" style=\"flex: 1\" src=\"https:\/\/www.rsim.com\/wp-content\/uploads\/2024\/10\/BestWorkplaces-Wellbeing-rSIM-CSL.png\" alt=\"\" srcset=\"https:\/\/www.rsim.com\/es\/wp-content\/uploads\/sites\/3\/2024\/10\/BestWorkplaces-Wellbeing-rSIM-CSL.png.webp 300w, https:\/\/www.rsim.com\/es\/wp-content\/uploads\/sites\/3\/2024\/10\/BestWorkplaces-Wellbeing-rSIM-CSL-150x150.png.webp 150w\" sizes=\"auto, (max-width: 300px) 100vw, 300px\" \/><img loading=\"lazy\" decoding=\"async\" width=\"300\" height=\"300\" class=\"alignnone size-medium wp-image-410\" style=\"flex: 1\" src=\"https:\/\/www.rsim.com\/wp-content\/uploads\/2024\/10\/BestWorkplaces-Development-rSIM-CSL.png\" alt=\"\" srcset=\"https:\/\/www.rsim.com\/es\/wp-content\/uploads\/sites\/3\/2024\/10\/BestWorkplaces-Development-rSIM-CSL.png.webp 300w, https:\/\/www.rsim.com\/es\/wp-content\/uploads\/sites\/3\/2024\/10\/BestWorkplaces-Development-rSIM-CSL-150x150.png.webp 150w\" sizes=\"auto, (max-width: 300px) 100vw, 300px\" \/><\/div>\n                            <\/div>\r\n        <\/div>\r\n    <\/div>\r\n<\/section>\r\n\r\n                                        \r\n                                                                                                <\/div>\r\n                        <\/div>\r\n                                                <\/div>\r\n        <\/div>\r\n    <\/div>\r\n<\/section>\r\n","protected":false},"excerpt":{"rendered":"","protected":false},"author":1,"featured_media":0,"parent":0,"menu_order":0,"comment_status":"closed","ping_status":"closed","template":"","meta":{"_acf_changed":false,"inline_featured_image":false,"footnotes":""},"class_list":["post-32","page","type-page","status-publish","hentry"],"acf":[],"yoast_head":"<!-- This site is optimized with the Yoast SEO Premium plugin v27.4 (Yoast SEO v27.4) - https:\/\/yoast.com\/product\/yoast-seo-premium-wordpress\/ -->\n<title>rSIM Careers | Join the Team Innovating Resilient IoT SIM Technology.<\/title>\n<meta name=\"description\" content=\"Explore career opportunities at rSIM and work on cutting-edge IoT SIM technology. Join a team focused on resilience, innovation, and delivering global connectivity solutions.\" \/>\n<meta name=\"robots\" content=\"index, follow, max-snippet:-1, max-image-preview:large, max-video-preview:-1\" \/>\n<meta property=\"og:locale\" content=\"en_US\" \/>\n<meta property=\"og:type\" content=\"article\" \/>\n<meta property=\"og:title\" content=\"Carreras\" \/>\n<meta property=\"og:description\" content=\"Explore career opportunities at rSIM and work on cutting-edge IoT SIM technology. Join a team focused on resilience, innovation, and delivering global connectivity solutions.\" \/>\n<meta property=\"og:url\" content=\"https:\/\/www.rsim.com\/es\/carreras\/\" \/>\n<meta property=\"og:site_name\" content=\"rSIM ES\" \/>\n<meta property=\"article:modified_time\" content=\"2025-04-14T14:03:50+00:00\" \/>\n<meta name=\"twitter:card\" content=\"summary_large_image\" \/>\n<meta name=\"twitter:label1\" content=\"Est. reading time\" \/>\n\t<meta name=\"twitter:data1\" content=\"2 minutes\" \/>\n<script type=\"application\/ld+json\" class=\"yoast-schema-graph\">{\"@context\":\"https:\\\/\\\/schema.org\",\"@graph\":[{\"@type\":\"WebPage\",\"@id\":\"https:\\\/\\\/www.rsim.com\\\/es\\\/carreras\\\/\",\"url\":\"https:\\\/\\\/www.rsim.com\\\/es\\\/carreras\\\/\",\"name\":\"rSIM Careers | Join the Team Innovating Resilient IoT SIM Technology.\",\"isPartOf\":{\"@id\":\"https:\\\/\\\/www.rsim.com\\\/es\\\/#website\"},\"datePublished\":\"2024-10-14T13:55:11+00:00\",\"dateModified\":\"2025-04-14T14:03:50+00:00\",\"description\":\"Explore career opportunities at rSIM and work on cutting-edge IoT SIM technology. Join a team focused on resilience, innovation, and delivering global connectivity solutions.\",\"breadcrumb\":{\"@id\":\"https:\\\/\\\/www.rsim.com\\\/es\\\/carreras\\\/#breadcrumb\"},\"inLanguage\":\"en-US\",\"potentialAction\":[{\"@type\":\"ReadAction\",\"target\":[\"https:\\\/\\\/www.rsim.com\\\/es\\\/carreras\\\/\"]}]},{\"@type\":\"BreadcrumbList\",\"@id\":\"https:\\\/\\\/www.rsim.com\\\/es\\\/carreras\\\/#breadcrumb\",\"itemListElement\":[{\"@type\":\"ListItem\",\"position\":1,\"name\":\"Home\",\"item\":\"https:\\\/\\\/www.rsim.com\\\/es\\\/\"},{\"@type\":\"ListItem\",\"position\":2,\"name\":\"Carreras\"}]},{\"@type\":\"WebSite\",\"@id\":\"https:\\\/\\\/www.rsim.com\\\/es\\\/#website\",\"url\":\"https:\\\/\\\/www.rsim.com\\\/es\\\/\",\"name\":\"rSIM ES\",\"description\":\"\",\"potentialAction\":[{\"@type\":\"SearchAction\",\"target\":{\"@type\":\"EntryPoint\",\"urlTemplate\":\"https:\\\/\\\/www.rsim.com\\\/es\\\/?s={search_term_string}\"},\"query-input\":{\"@type\":\"PropertyValueSpecification\",\"valueRequired\":true,\"valueName\":\"search_term_string\"}}],\"inLanguage\":\"en-US\"}]}<\/script>\n<!-- \/ Yoast SEO Premium plugin. -->","yoast_head_json":{"title":"rSIM Careers | Join the Team Innovating Resilient IoT SIM Technology.","description":"Explore career opportunities at rSIM and work on cutting-edge IoT SIM technology. Join a team focused on resilience, innovation, and delivering global connectivity solutions.","robots":{"index":"index","follow":"follow","max-snippet":"max-snippet:-1","max-image-preview":"max-image-preview:large","max-video-preview":"max-video-preview:-1"},"og_locale":"en_US","og_type":"article","og_title":"Carreras","og_description":"Explore career opportunities at rSIM and work on cutting-edge IoT SIM technology. Join a team focused on resilience, innovation, and delivering global connectivity solutions.","og_url":"https:\/\/www.rsim.com\/es\/carreras\/","og_site_name":"rSIM ES","article_modified_time":"2025-04-14T14:03:50+00:00","twitter_card":"summary_large_image","twitter_misc":{"Est. reading time":"2 minutes"},"schema":{"@context":"https:\/\/schema.org","@graph":[{"@type":"WebPage","@id":"https:\/\/www.rsim.com\/es\/carreras\/","url":"https:\/\/www.rsim.com\/es\/carreras\/","name":"rSIM Careers | Join the Team Innovating Resilient IoT SIM Technology.","isPartOf":{"@id":"https:\/\/www.rsim.com\/es\/#website"},"datePublished":"2024-10-14T13:55:11+00:00","dateModified":"2025-04-14T14:03:50+00:00","description":"Explore career opportunities at rSIM and work on cutting-edge IoT SIM technology. Join a team focused on resilience, innovation, and delivering global connectivity solutions.","breadcrumb":{"@id":"https:\/\/www.rsim.com\/es\/carreras\/#breadcrumb"},"inLanguage":"en-US","potentialAction":[{"@type":"ReadAction","target":["https:\/\/www.rsim.com\/es\/carreras\/"]}]},{"@type":"BreadcrumbList","@id":"https:\/\/www.rsim.com\/es\/carreras\/#breadcrumb","itemListElement":[{"@type":"ListItem","position":1,"name":"Home","item":"https:\/\/www.rsim.com\/es\/"},{"@type":"ListItem","position":2,"name":"Carreras"}]},{"@type":"WebSite","@id":"https:\/\/www.rsim.com\/es\/#website","url":"https:\/\/www.rsim.com\/es\/","name":"rSIM ES","description":"","potentialAction":[{"@type":"SearchAction","target":{"@type":"EntryPoint","urlTemplate":"https:\/\/www.rsim.com\/es\/?s={search_term_string}"},"query-input":{"@type":"PropertyValueSpecification","valueRequired":true,"valueName":"search_term_string"}}],"inLanguage":"en-US"}]}},"_links":{"self":[{"href":"https:\/\/www.rsim.com\/es\/wp-json\/wp\/v2\/pages\/32","targetHints":{"allow":["GET"]}}],"collection":[{"href":"https:\/\/www.rsim.com\/es\/wp-json\/wp\/v2\/pages"}],"about":[{"href":"https:\/\/www.rsim.com\/es\/wp-json\/wp\/v2\/types\/page"}],"author":[{"embeddable":true,"href":"https:\/\/www.rsim.com\/es\/wp-json\/wp\/v2\/users\/1"}],"replies":[{"embeddable":true,"href":"https:\/\/www.rsim.com\/es\/wp-json\/wp\/v2\/comments?post=32"}],"version-history":[{"count":23,"href":"https:\/\/www.rsim.com\/es\/wp-json\/wp\/v2\/pages\/32\/revisions"}],"predecessor-version":[{"id":822,"href":"https:\/\/www.rsim.com\/es\/wp-json\/wp\/v2\/pages\/32\/revisions\/822"}],"wp:attachment":[{"href":"https:\/\/www.rsim.com\/es\/wp-json\/wp\/v2\/media?parent=32"}],"curies":[{"name":"wp","href":"https:\/\/api.w.org\/{rel}","templated":true}]}}